{"id":37,"date":"2020-06-01T08:12:53","date_gmt":"2020-06-01T08:12:53","guid":{"rendered":"http:\/\/sw-themes.com\/porto_dummy\/?page_id=37"},"modified":"2021-03-20T22:35:42","modified_gmt":"2021-03-20T19:35:42","slug":"hakkimizda","status":"publish","type":"page","link":"https:\/\/www.birliktransport.com\/en\/hakkimizda\/","title":{"rendered":"About Us"},"content":{"rendered":"<div class=\"vc_row wpb_row mt-2 section section-parallax mt-0 mb-0 section-no-borders porto-inner-container\"><div class=\"porto-wrap-container container\"><div class=\"row\"><div class=\"vc_column_container col-md-12\"><div class=\"wpb_wrapper vc_column-inner\">\n\t<div class=\"wpb_single_image wpb_content_element vc_align_left\">\n\t\t<div class=\"wpb_wrapper\">\n\t\t\t\n\t\t\t<div class=\"vc_single_image-wrapper   vc_box_border_grey\"><img loading=\"lazy\" decoding=\"async\" width=\"253\" height=\"117\" src=\"https:\/\/www.birliktransport.com\/wp-content\/uploads\/2021\/03\/birlik.jpg\" class=\"vc_single_image-img attachment-full\" alt=\"\" \/><\/div>\n\t\t<\/div>\n\t<\/div>\n<h2 style=\"text-align: center\" class=\"vc_custom_heading\">About Us<\/h2><div class=\"vc_custom_heading heading heading-border heading-bottom-border\"><p style=\"font-size: 1.2em;color: #000000;text-align: center\" class=\"heading-tag\">I have worked as a manager in international shipping and foreign trade companies for 26 years. Now I had the idea that it is time to establish my own company and I always had a recommendation from my business partners why you do not want to establish your own company. As of, we made the setup.<\/p><\/div><div class=\"porto-separator\"><hr class=\"separator-line  align_center\" style=\"background-image: -webkit-linear-gradient(left, transparent, grey, transparent); background-image: linear-gradient(to right, transparent, grey, transparent);\"><\/div><div class=\"vc_custom_heading heading heading-border heading-bottom-border\"><p style=\"font-size: 1.2em;color: #000000;text-align: center\" class=\"heading-tag\">Our company is able to respond to service providers who can rapidly adapt to the needs and changing conditions, produce creative and constructive solutions on time with high quality and low cost, in our world where national borders in trade between countries have disappeared.\nFor this purpose, the BIRLIK ROAD AND SEA INTERNATIONAL TRANSPORT , which started to serve in the international transportation sector in 2021, has quickly gained its respectable place in the transport sector in the unlimited world of international trade with the 'unconditional support of you', with the globalization of world trade and the process of countries gaining an entrepreneurial structure for industrial and foreign trade. .\nBeing aware of the responsibility we take on import and export transportation, which is one of the most important steps in international trade, we carry it with great honor.<\/p><\/div><div class=\"vc_custom_heading heading heading-border heading-bottom-border\"><p style=\"font-size: 1.2em;color: #000000;text-align: center\" class=\"heading-tag\">Our company, with its staff specialized in highway, seaway, airline, railway and MULTI MODAL transportation modes, provides a whole of transportation, import \/ export, storage, overseas distribution services to our valued friends.\nOur company, with its strong organizations and foreign agency network, can offer alternative transportation models even in third countries when necessary, in order to ensure faster and more reliable transportation processes.<\/p><\/div><div class=\"vc_row wpb_row vc_inner row pt-3\" data-appear-animation=\"fadeInUp\" data-appear-animation-delay=\"200\"><div class=\"vc_column_container col-md-12 col-lg-4\"><div class=\"wpb_wrapper vc_column-inner\"><div class=\"porto-sicon-box custom-info-box-effect p-4 mb-0 style_2 top-icon\"><div class=\"porto-sicon-top\"><div id=\"porto-icon-214462600569ef728e6d58a\" class=\"porto-just-icon-wrapper\" style=\"text-align:center;\"><div class=\"porto-icon advanced\" style=\"color:#213d7c;background:transparent;border-style:inset;border-color:#213d7c;border-width:1px;width:98px;height:98px;line-height:98px;border-radius:50px;font-size:32px;display:inline-block;\"><i class=\"fas fa-american-sign-language-interpreting\"><\/i><\/div><\/div><\/div><div class=\"porto-sicon-header\"><h3 class=\"porto-sicon-title\" style=\"font-weight:700;font-size:1.3125rem;line-height:1.28;\">Fast and Safe Delivery<\/h3><\/div> <!-- header --><\/div><!-- porto-sicon-box --><\/div><\/div><div class=\"vc_column_container col-md-12 col-lg-4\"><div class=\"wpb_wrapper vc_column-inner\"><div class=\"porto-sicon-box custom-info-box-effect p-4 mb-0 style_2 top-icon\"><div class=\"porto-sicon-top\"><div id=\"porto-icon-44393397469ef728e6d74c\" class=\"porto-just-icon-wrapper\" style=\"text-align:center;\"><div class=\"porto-icon advanced\" style=\"color:#213d7c;background:transparent;border-style:inset;border-color:#dfdfdf;border-width:1px;width:98px;height:98px;line-height:98px;border-radius:50px;font-size:32px;display:inline-block;\"><i class=\"fas fa-phone-volume\"><\/i><\/div><\/div><\/div><div class=\"porto-sicon-header\"><h3 class=\"porto-sicon-title\" style=\"font-weight:700;font-size:1.3125rem;line-height:1.28;\">24\/7 Support<\/h3><\/div> <!-- header --><\/div><!-- porto-sicon-box --><\/div><\/div><div class=\"vc_column_container col-md-12 col-lg-4\"><div class=\"wpb_wrapper vc_column-inner\"><div class=\"porto-sicon-box custom-info-box-effect p-4 mb-0 style_1 top-icon\"><div class=\"porto-sicon-top\"><div id=\"porto-icon-15262421069ef728e6d89a\" class=\"porto-just-icon-wrapper\" style=\"text-align:center;\"><div class=\"porto-icon advanced\" style=\"color:#213d7c;background:transparent;border-style:inset;border-color:#213d7c;border-width:1px;width:98px;height:98px;line-height:98px;border-radius:50px;font-size:32px;display:inline-block;\"><i class=\"fas fa-money-bill-alt\"><\/i><\/div><\/div><\/div><div class=\"porto-sicon-header\"><h3 class=\"porto-sicon-title\" style=\"font-weight:700;font-size:1.3125rem;line-height:1.28;\">Convenient Service<\/h3><\/div> <!-- header --><\/div><!-- porto-sicon-box --><\/div><\/div><\/div><div class=\"vc_custom_heading heading heading-border heading-bottom-border\"><p style=\"font-size: 1.2em;color: #000000;text-align: center\" class=\"heading-tag\">Logistics, which is one of the cornerstones of our country's economy today; It is in a constant motion. Accordingly, systematic \"development and being open to innovations\" is one of the main principles of our company.\nBIRLIK  ROAD AND SEA INTERNATIONAL TRANSPORT, Import and export shipments are aware of the responsibilities of \"picking up from wherever you want and delivering them to your desired address safely, seamlessly and on time\" in line with your instructions.\nOur company, which offers quality service to its customers by combining minimum fee with optimum service, has achieved this success entirely with its own equity without any foreign capital participation.<\/p><\/div>\n\t<div class=\"wpb_text_column wpb_content_element\" >\n\t\t<div class=\"wpb_wrapper\">\n\t\t\t<ul>\n<li>Regular export \/ import, complete and partial transportation to Middle East, Middle East, CIS countries, Turk Republics,<\/li>\n<li>Out of gauge project shipments,<\/li>\n<li>Transit transport,<\/li>\n<li>Freight transport organization by rail,<\/li>\n<li>Complete and partial transportation from Europe and Balkan countries to the Middle East, Central Asia and Turkic republics,<\/li>\n<li>Container transport to all ports by sea (round - trip FCL \/ LCL),<\/li>\n<li>Seaway open freight transport,<\/li>\n<li>Bonded storage (with our contracted warehouse), Export storage (our warehouse is 100% insured)<\/li>\n<li>Insurance,<\/li>\n<li>Customs clearance (with our contracted partner),<\/li>\n<\/ul>\n\n\t\t<\/div>\n\t<\/div>\n<div class=\"vc_custom_heading heading heading-border heading-bottom-border\"><p style=\"font-size: 1.2em;color: #000000;text-align: center\" class=\"heading-tag\">We are committed to maintaining the quality and reducing your costs in today's conditions, with our staff who adopt professional analytical solution as a principle, BIRLIK  ROAD AND SEA INTERNATIONAL TRANSPORT CO, which offers the services we have listed with high quality LINE and AGENCY NETWORK.<\/p><\/div><\/div><\/div><\/div><\/div><\/div>","protected":false},"excerpt":{"rendered":"Hakk\u0131m\u0131zda26 y\u0131ll\u0131k Uluslararas\u0131 nakliyat ve D\u0131\u015f ticaret firmalar\u0131nda y\u00f6netici olarak \u00e7al\u0131\u015ft\u0131m.Art\u0131k kendi firmam\u0131 kurmam\u0131n zaman\u0131 geldi\u011fi d\u00fc\u015f\u00fcncesi ve i\u015f partnerlerimden de hep neden kendi firman\u0131z\u0131 kurmak istemiyorsunuz tavsiyesi vard\u0131.Bu ba\u011flamda Birlik Kara ve Deniz Uluslararas\u0131 Nakliyat Lojistik Limited \u015eirketi olarak 03\/03\/2021 tarihi itibariyle kurulusunu yapt\u0131k.Firmam\u0131z \u00dclkeler aras\u0131 ticarette ulusal s\u0131n\u0131rlar\u0131n ortadan kalkt\u0131\u011f\u0131 d\u00fcnyam\u0131zda, ihtiya\u00e7lara ve [...]","protected":false},"author":1,"featured_media":0,"parent":0,"menu_order":0,"comment_status":"closed","ping_status":"closed","template":"","meta":{"footnotes":""},"class_list":["post-37","page","type-page","status-publish","hentry"],"_links":{"self":[{"href":"https:\/\/www.birliktransport.com\/en\/wp-json\/wp\/v2\/pages\/37","targetHints":{"allow":["GET"]}}],"collection":[{"href":"https:\/\/www.birliktransport.com\/en\/wp-json\/wp\/v2\/pages"}],"about":[{"href":"https:\/\/www.birliktransport.com\/en\/wp-json\/wp\/v2\/types\/page"}],"author":[{"embeddable":true,"href":"https:\/\/www.birliktransport.com\/en\/wp-json\/wp\/v2\/users\/1"}],"replies":[{"embeddable":true,"href":"https:\/\/www.birliktransport.com\/en\/wp-json\/wp\/v2\/comments?post=37"}],"version-history":[{"count":25,"href":"https:\/\/www.birliktransport.com\/en\/wp-json\/wp\/v2\/pages\/37\/revisions"}],"predecessor-version":[{"id":675,"href":"https:\/\/www.birliktransport.com\/en\/wp-json\/wp\/v2\/pages\/37\/revisions\/675"}],"wp:attachment":[{"href":"https:\/\/www.birliktransport.com\/en\/wp-json\/wp\/v2\/media?parent=37"}],"curies":[{"name":"wp","href":"https:\/\/api.w.org\/{rel}","templated":true}]}}