{"id":362,"date":"2021-03-10T23:45:24","date_gmt":"2021-03-10T20:45:24","guid":{"rendered":"http:\/\/www.birliktransport.com\/?page_id=362"},"modified":"2021-03-21T19:06:32","modified_gmt":"2021-03-21T16:06:32","slug":"fuar-tasimaciligi","status":"publish","type":"page","link":"https:\/\/www.birliktransport.com\/en\/fuar-tasimaciligi\/","title":{"rendered":"Exhibition  Transport"},"content":{"rendered":"<section class=\"vc_section\"><div class=\"vc_row wpb_row row\"><div class=\"vc_column_container col-md-12\"><div class=\"wpb_wrapper vc_column-inner\">\n\t<div class=\"wpb_single_image wpb_content_element vc_align_left\">\n\t\t<div class=\"wpb_wrapper\">\n\t\t\t\n\t\t\t<div class=\"vc_single_image-wrapper   vc_box_border_grey\"><img loading=\"lazy\" decoding=\"async\" width=\"253\" height=\"117\" src=\"https:\/\/www.birliktransport.com\/wp-content\/uploads\/2021\/03\/birlik.jpg\" class=\"vc_single_image-img attachment-full\" alt=\"\" \/><\/div>\n\t\t<\/div>\n\t<\/div>\n<h2 style=\"text-align: center\" class=\"vc_custom_heading\">Exhibition  Transport<\/h2>\n\t<div class=\"wpb_text_column wpb_content_element\" >\n\t\t<div class=\"wpb_wrapper\">\n\t\t\t<p>Birlik Kara ve Deniz International Transport, in organizations that require customer-specific solutions such as fairs, special exhibitions, congresses, meetings and concerts, which are among the most important elements of international trade and global economy; It provides services for exhibitors, stand manufacturers, fair and exhibition organizers.\nWithin the scope of fair and event logistics in which our company has experience, our customers; provides services in insurance, bonded-duty-free storage, distribution and loading, export \/ import customs clearance, international transportation (land, air, sea, intermodal), delivery to the stand including import-export procedures to the fairground.<\/p>\n\n\t\t<\/div>\n\t<\/div>\n<div class=\"vc_btn3-container vc_btn3-center\" >\n\t<a class=\"vc_general vc_btn3 vc_btn3-size-md vc_btn3-shape-default vc_btn3-style-custom vc_btn3-icon-left btn\" style=\"background-color:#22155b; color:#ffffff; background-color:#22155b; color:#ffffff;\" href=\"https:\/\/www.birliktransport.com\/en\/iletisim\/\" title=\"Exhibition  Transport\"><i class=\"vc_btn3-icon fas fa-arrow-alt-circle-right\"><\/i> Get Price Now<\/a>\t<\/div>\n<div class=\"vc_row wpb_row vc_inner row\"><div class=\"vc_column_container col-md-6\"><div class=\"wpb_wrapper vc_column-inner\"><div class=\"vc_btn3-container vc_btn3-center\" >\n\t<a class=\"vc_general vc_btn3 vc_btn3-size-sm vc_btn3-shape-round vc_btn3-style-custom vc_btn3-block vc_btn3-icon-left btn\" style=\"background-color:#22155b; color:#f7f7f7; background-color:#22155b; color:#f7f7f7;\" href=\"https:\/\/www.birliktransport.com\/en\/sigorta-hizmetleri\/\" title=\"Insurance Services\"><i class=\"vc_btn3-icon fas fa-angle-double-right\"><\/i> Insurance Services<\/a>\t<\/div>\n<div class=\"vc_btn3-container vc_btn3-center\" >\n\t<a class=\"vc_general vc_btn3 vc_btn3-size-sm vc_btn3-shape-round vc_btn3-style-custom vc_btn3-block vc_btn3-icon-left btn\" style=\"background-color:#22155b; color:#f7f7f7; background-color:#22155b; color:#f7f7f7;\" href=\"https:\/\/www.birliktransport.com\/en\/proje-tasimaciligi\/\" title=\"Insurance Services\"><i class=\"vc_btn3-icon fas fa-angle-double-right\"><\/i> Project Transportation<\/a>\t<\/div>\n<div class=\"vc_btn3-container vc_btn3-center\" >\n\t<a class=\"vc_general vc_btn3 vc_btn3-size-sm vc_btn3-shape-round vc_btn3-style-custom vc_btn3-block vc_btn3-icon-left btn\" style=\"background-color:#22155b; color:#f7f7f7; background-color:#22155b; color:#f7f7f7;\" href=\"https:\/\/www.birliktransport.com\/en\/fuar-tasimaciligi\/\" title=\"Insurance Services\"><i class=\"vc_btn3-icon fas fa-angle-double-right\"><\/i> Exhibition  Transport<\/a>\t<\/div>\n<div class=\"vc_btn3-container vc_btn3-center\" >\n\t<a class=\"vc_general vc_btn3 vc_btn3-size-sm vc_btn3-shape-round vc_btn3-style-custom vc_btn3-block vc_btn3-icon-left btn\" style=\"background-color:#22155b; color:#f7f7f7; background-color:#22155b; color:#f7f7f7;\" href=\"https:\/\/www.birliktransport.com\/en\/parsiyel-tasimacilik\/\" title=\"Insurance Services\"><i class=\"vc_btn3-icon fas fa-angle-double-right\"><\/i> Partial Transportation<\/a>\t<\/div>\n<div class=\"vc_btn3-container vc_btn3-center\" >\n\t<a class=\"vc_general vc_btn3 vc_btn3-size-sm vc_btn3-shape-round vc_btn3-style-custom vc_btn3-block vc_btn3-icon-left btn\" style=\"background-color:#22155b; color:#f7f7f7; background-color:#22155b; color:#f7f7f7;\" href=\"https:\/\/www.birliktransport.com\/en\/depolama-hizmetleri\/\" title=\"Insurance Services\"><i class=\"vc_btn3-icon fas fa-angle-double-right\"><\/i> Storage Services<\/a>\t<\/div>\n<\/div><\/div><div class=\"vc_column_container col-md-6\"><div class=\"wpb_wrapper vc_column-inner\"><div class=\"vc_btn3-container vc_btn3-center\" >\n\t<a class=\"vc_general vc_btn3 vc_btn3-size-sm vc_btn3-shape-round vc_btn3-style-custom vc_btn3-block vc_btn3-icon-left btn\" style=\"background-color:#22155b; color:#f7f7f7; background-color:#22155b; color:#f7f7f7;\" href=\"https:\/\/www.birliktransport.com\/en\/denizyolu-tasimaciligi\/\" title=\"Insurance Services\"><i class=\"vc_btn3-icon fas fa-angle-double-right\"><\/i> Maritime Transport<\/a>\t<\/div>\n<div class=\"vc_btn3-container vc_btn3-center\" >\n\t<a class=\"vc_general vc_btn3 vc_btn3-size-sm vc_btn3-shape-round vc_btn3-style-custom vc_btn3-block vc_btn3-icon-left btn\" style=\"background-color:#22155b; color:#f7f7f7; background-color:#22155b; color:#f7f7f7;\" href=\"https:\/\/www.birliktransport.com\/en\/karayolu-tasimaciligi\/\" title=\"Insurance Services\"><i class=\"vc_btn3-icon fas fa-angle-double-right\"><\/i> Road Transport<\/a>\t<\/div>\n<div class=\"vc_btn3-container vc_btn3-center\" >\n\t<a class=\"vc_general vc_btn3 vc_btn3-size-sm vc_btn3-shape-round vc_btn3-style-custom vc_btn3-block vc_btn3-icon-left btn\" style=\"background-color:#22155b; color:#f7f7f7; background-color:#22155b; color:#f7f7f7;\" href=\"https:\/\/www.birliktransport.com\/en\/havayolu-tasimaciligi\/\" title=\"Insurance Services\"><i class=\"vc_btn3-icon fas fa-angle-double-right\"><\/i> A\u0131rways Transporting<\/a>\t<\/div>\n<div class=\"vc_btn3-container vc_btn3-center\" >\n\t<a class=\"vc_general vc_btn3 vc_btn3-size-sm vc_btn3-shape-round vc_btn3-style-custom vc_btn3-block vc_btn3-icon-left btn\" style=\"background-color:#22155b; color:#f7f7f7; background-color:#22155b; color:#f7f7f7;\" href=\"https:\/\/www.birliktransport.com\/en\/demiryolu-tasimaciligi\/\" title=\"Insurance Services\"><i class=\"vc_btn3-icon fas fa-angle-double-right\"><\/i> Railway Transport<\/a>\t<\/div>\n<div class=\"vc_btn3-container vc_btn3-center\" >\n\t<a class=\"vc_general vc_btn3 vc_btn3-size-sm vc_btn3-shape-round vc_btn3-style-custom vc_btn3-block vc_btn3-icon-left btn\" style=\"background-color:#22155b; color:#f7f7f7; background-color:#22155b; color:#f7f7f7;\" href=\"https:\/\/www.birliktransport.com\/en\/multimodal-tasimacilik\/\" title=\"Insurance Services\"><i class=\"vc_btn3-icon fas fa-angle-double-right\"><\/i> Multimodal Transport<\/a>\t<\/div>\n<\/div><\/div><\/div><\/div><\/div><\/div><\/section><div class=\"vc_row wpb_row row\"><div class=\"vc_column_container col-md-12\"><div class=\"wpb_wrapper vc_column-inner\">\n\t<div class=\"wpb_single_image wpb_content_element vc_align_center\">\n\t\t<div class=\"wpb_wrapper\">\n\t\t\t\n\t\t\t<div class=\"vc_single_image-wrapper   vc_box_border_grey\"><img loading=\"lazy\" decoding=\"async\" width=\"500\" height=\"200\" src=\"https:\/\/www.birliktransport.com\/wp-content\/uploads\/2021\/03\/sds.jpg\" class=\"vc_single_image-img attachment-full\" alt=\"\" srcset=\"https:\/\/www.birliktransport.com\/wp-content\/uploads\/2021\/03\/sds.jpg 500w, https:\/\/www.birliktransport.com\/wp-content\/uploads\/2021\/03\/sds-400x160.jpg 400w, https:\/\/www.birliktransport.com\/wp-content\/uploads\/2021\/03\/sds-367x147.jpg 367w\" sizes=\"auto, (max-width: 500px) 100vw, 500px\" \/><\/div>\n\t\t<\/div>\n\t<\/div>\n<\/div><\/div><\/div>","protected":false},"excerpt":{"rendered":"Fuar Ta\u015f\u0131mac\u0131l\u0131\u011f\u0131 Uluslararas\u0131 ticaretin ve global ekonominin en \u00f6nemli unsurlar\u0131ndan fuarlar, \u00f6zel sergiler, kongreler, toplant\u0131lar ve konserler gibi m\u00fc\u015fteriye \u00f6zel \u00e7\u00f6z\u00fcmlere ihtiya\u00e7 duyulan organizasyonlarda\u00a0Birlik Kara ve Deniz Uluslararas\u0131 Nakliyat ; kat\u0131l\u0131mc\u0131 firmalar, stand imalat\u00e7\u0131lar\u0131, fuar ve sergi organizat\u00f6rleri i\u00e7in hizmet sa\u011flamaktad\u0131r.Firmam\u0131z, deneyim sahibi oldu\u011fu fuar ve etkinlik lojisti\u011fi kapsam\u0131nda m\u00fc\u015fterilerine; sigorta, g\u00fcmr\u00fckl\u00fc-g\u00fcmr\u00fcks\u00fcz depolama, da\u011f\u0131t\u0131m ve [...]","protected":false},"author":1,"featured_media":0,"parent":0,"menu_order":0,"comment_status":"closed","ping_status":"closed","template":"","meta":{"footnotes":""},"class_list":["post-362","page","type-page","status-publish","hentry"],"_links":{"self":[{"href":"https:\/\/www.birliktransport.com\/en\/wp-json\/wp\/v2\/pages\/362","targetHints":{"allow":["GET"]}}],"collection":[{"href":"https:\/\/www.birliktransport.com\/en\/wp-json\/wp\/v2\/pages"}],"about":[{"href":"https:\/\/www.birliktransport.com\/en\/wp-json\/wp\/v2\/types\/page"}],"author":[{"embeddable":true,"href":"https:\/\/www.birliktransport.com\/en\/wp-json\/wp\/v2\/users\/1"}],"replies":[{"embeddable":true,"href":"https:\/\/www.birliktransport.com\/en\/wp-json\/wp\/v2\/comments?post=362"}],"version-history":[{"count":11,"href":"https:\/\/www.birliktransport.com\/en\/wp-json\/wp\/v2\/pages\/362\/revisions"}],"predecessor-version":[{"id":474,"href":"https:\/\/www.birliktransport.com\/en\/wp-json\/wp\/v2\/pages\/362\/revisions\/474"}],"wp:attachment":[{"href":"https:\/\/www.birliktransport.com\/en\/wp-json\/wp\/v2\/media?parent=362"}],"curies":[{"name":"wp","href":"https:\/\/api.w.org\/{rel}","templated":true}]}}