{"id":356,"date":"2021-03-10T23:41:43","date_gmt":"2021-03-10T20:41:43","guid":{"rendered":"http:\/\/www.birliktransport.com\/?page_id=356"},"modified":"2021-03-21T19:09:19","modified_gmt":"2021-03-21T16:09:19","slug":"parsiyel-tasimacilik","status":"publish","type":"page","link":"https:\/\/www.birliktransport.com\/en\/parsiyel-tasimacilik\/","title":{"rendered":"Partial Transportation"},"content":{"rendered":"<section class=\"vc_section\"><div class=\"vc_row wpb_row row\"><div class=\"vc_column_container col-md-12\"><div class=\"wpb_wrapper vc_column-inner\">\n\t<div class=\"wpb_single_image wpb_content_element vc_align_left\">\n\t\t<div class=\"wpb_wrapper\">\n\t\t\t\n\t\t\t<div class=\"vc_single_image-wrapper   vc_box_border_grey\"><img loading=\"lazy\" decoding=\"async\" width=\"253\" height=\"117\" src=\"https:\/\/www.birliktransport.com\/wp-content\/uploads\/2021\/03\/birlik.jpg\" class=\"vc_single_image-img attachment-full\" alt=\"\" \/><\/div>\n\t\t<\/div>\n\t<\/div>\n<h2 style=\"text-align: center\" class=\"vc_custom_heading\">Partial Transportation<\/h2>\n\t<div class=\"wpb_text_column wpb_content_element\" >\n\t\t<div class=\"wpb_wrapper\">\n\t\t\t<p>Since partial transportation is the process of transporting the loads that will be transported on the same route and belong to different customers with the same vehicle, it is aimed to manage this process in the best way, to plan the delivery organization and to deliver the cargo without delay.<\/p>\n<p>&nbsp;<\/p>\n<p>We have regular partial service to Iraq, Iran, Azerbaijan and CIS countries.<\/p>\n\n\t\t<\/div>\n\t<\/div>\n<\/div><\/div><\/div><\/section><section class=\"vc_section\"><div class=\"vc_row wpb_row row\"><div class=\"vc_column_container col-md-6\"><div class=\"wpb_wrapper vc_column-inner\">\n\t<div class=\"wpb_text_column wpb_content_element\" >\n\t\t<div class=\"wpb_wrapper\">\n\t\t\t<h4 class=\"aheto-heading__title\">Safe Partial Transportation<\/h4>\n<p>We attach great importance to the safe and damage-free delivery of your cargo, and we follow this process with great care. All operational information on delivery is sent to customers by expert staff.<\/p>\n<p>In today's world where time is gaining importance, we are preventing the loss of business of our customers by adopting the principle of providing service against time and by making smooth deliveries. Your trust is the mirror of our business.<\/p>\n\n\t\t<\/div>\n\t<\/div>\n<div class=\"vc_btn3-container vc_btn3-inline\" >\n\t<a class=\"vc_general vc_btn3 vc_btn3-size-md vc_btn3-shape-round vc_btn3-style-custom vc_btn3-icon-left btn\" style=\"background-color:#22155b; color:#ffffff; background-color:#22155b; color:#ffffff;\" href=\"https:\/\/www.birliktransport.com\/en\/iletisim\/\" title=\"Contact\"><i class=\"vc_btn3-icon fas fa-arrow-alt-circle-right\"><\/i> Get Price Now<\/a>\t<\/div>\n<\/div><\/div><div class=\"vc_column_container col-md-6\"><div class=\"wpb_wrapper vc_column-inner\">\n\t<div class=\"wpb_single_image wpb_content_element vc_align_left\">\n\t\t<div class=\"wpb_wrapper\">\n\t\t\t\n\t\t\t<div class=\"vc_single_image-wrapper   vc_box_border_grey\"><img loading=\"lazy\" decoding=\"async\" width=\"600\" height=\"462\" src=\"https:\/\/www.birliktransport.com\/wp-content\/uploads\/2021\/03\/guvenli_parsiyel_tasimacilik.png\" class=\"vc_single_image-img attachment-full\" alt=\"\" srcset=\"https:\/\/www.birliktransport.com\/wp-content\/uploads\/2021\/03\/guvenli_parsiyel_tasimacilik.png 600w, https:\/\/www.birliktransport.com\/wp-content\/uploads\/2021\/03\/guvenli_parsiyel_tasimacilik-400x308.png 400w, https:\/\/www.birliktransport.com\/wp-content\/uploads\/2021\/03\/guvenli_parsiyel_tasimacilik-367x283.png 367w\" sizes=\"auto, (max-width: 600px) 100vw, 600px\" \/><\/div>\n\t\t<\/div>\n\t<\/div>\n<\/div><\/div><\/div><\/section><section class=\"vc_section\"><\/section><section class=\"vc_section\"><div class=\"vc_row wpb_row row vc_column-gap-35\"><div class=\"vc_column_container col-md-6\"><div class=\"wpb_wrapper vc_column-inner\"><div class=\"vc_btn3-container vc_btn3-center\" >\n\t<a class=\"vc_general vc_btn3 vc_btn3-size-sm vc_btn3-shape-round vc_btn3-style-custom vc_btn3-block vc_btn3-icon-left btn\" style=\"background-color:#22155b; color:#ffffff; background-color:#22155b; color:#ffffff;\" href=\"https:\/\/www.birliktransport.com\/en\/sigorta-hizmetleri\/\" title=\"Insurance Services\"><i class=\"vc_btn3-icon fas fa-angle-double-right\"><\/i> Insurance Services<\/a>\t<\/div>\n<div class=\"vc_btn3-container vc_btn3-center\" >\n\t<a class=\"vc_general vc_btn3 vc_btn3-size-sm vc_btn3-shape-round vc_btn3-style-custom vc_btn3-block vc_btn3-icon-left btn\" style=\"background-color:#22155b; color:#ffffff; background-color:#22155b; color:#ffffff;\" href=\"https:\/\/www.birliktransport.com\/en\/proje-tasimaciligi\/\" title=\"Proje Ta\u015f\u0131mac\u0131l\u0131g\u0131\"><i class=\"vc_btn3-icon fas fa-angle-double-right\"><\/i> Project Transportation<\/a>\t<\/div>\n<div class=\"vc_btn3-container vc_btn3-center\" >\n\t<a class=\"vc_general vc_btn3 vc_btn3-size-sm vc_btn3-shape-round vc_btn3-style-custom vc_btn3-block vc_btn3-icon-left btn\" style=\"background-color:#22155b; color:#ffffff; background-color:#22155b; color:#ffffff;\" href=\"https:\/\/www.birliktransport.com\/en\/fuar-tasimaciligi\/\" title=\"Fuar Ta\u015f\u0131mac\u0131l\u0131g\u0131\"><i class=\"vc_btn3-icon fas fa-angle-double-right\"><\/i> Exhibition  Transport<\/a>\t<\/div>\n<div class=\"vc_btn3-container vc_btn3-center\" >\n\t<a class=\"vc_general vc_btn3 vc_btn3-size-sm vc_btn3-shape-round vc_btn3-style-custom vc_btn3-block vc_btn3-icon-left btn\" style=\"background-color:#22155b; color:#ffffff; background-color:#22155b; color:#ffffff;\" href=\"https:\/\/www.birliktransport.com\/en\/parsiyel-tasimacilik\/\" title=\"Partial Transportation\"><i class=\"vc_btn3-icon fas fa-angle-double-right\"><\/i> Partial Transportation<\/a>\t<\/div>\n<div class=\"vc_btn3-container vc_btn3-center\" >\n\t<a class=\"vc_general vc_btn3 vc_btn3-size-sm vc_btn3-shape-round vc_btn3-style-custom vc_btn3-block vc_btn3-icon-left btn\" style=\"background-color:#22155b; color:#ffffff; background-color:#22155b; color:#ffffff;\" href=\"https:\/\/www.birliktransport.com\/en\/depolama-hizmetleri\/\" title=\"Storage Services\"><i class=\"vc_btn3-icon fas fa-angle-double-right\"><\/i> Storage Services<\/a>\t<\/div>\n<\/div><\/div><div class=\"vc_column_container col-md-6\"><div class=\"wpb_wrapper vc_column-inner\"><div class=\"vc_btn3-container vc_btn3-center\" >\n\t<a class=\"vc_general vc_btn3 vc_btn3-size-sm vc_btn3-shape-round vc_btn3-style-custom vc_btn3-block vc_btn3-icon-left btn\" style=\"background-color:#22155b; color:#ffffff; background-color:#22155b; color:#ffffff;\" href=\"https:\/\/www.birliktransport.com\/en\/denizyolu-tasimaciligi\/\" title=\"Insurance Services\"><i class=\"vc_btn3-icon fas fa-angle-double-right\"><\/i> Maritime Transport<\/a>\t<\/div>\n<div class=\"vc_btn3-container vc_btn3-center\" >\n\t<a class=\"vc_general vc_btn3 vc_btn3-size-sm vc_btn3-shape-round vc_btn3-style-custom vc_btn3-block vc_btn3-icon-left btn\" style=\"background-color:#22155b; color:#ffffff; background-color:#22155b; color:#ffffff;\" href=\"https:\/\/www.birliktransport.com\/en\/karayolu-tasimaciligi\/\" title=\"Karayolu Ta\u015f\u0131mac\u0131l\u0131g\u0131\"><i class=\"vc_btn3-icon fas fa-angle-double-right\"><\/i> Road Transport<\/a>\t<\/div>\n<div class=\"vc_btn3-container vc_btn3-center\" >\n\t<a class=\"vc_general vc_btn3 vc_btn3-size-sm vc_btn3-shape-round vc_btn3-style-custom vc_btn3-block vc_btn3-icon-left btn\" style=\"background-color:#22155b; color:#ffffff; background-color:#22155b; color:#ffffff;\" href=\"https:\/\/www.birliktransport.com\/en\/havayolu-tasimaciligi\/\" title=\"Havayolu Tas\u0131mac\u0131l\u0131g\u0131\"><i class=\"vc_btn3-icon fas fa-angle-double-right\"><\/i> A\u0131rways Transporting<\/a>\t<\/div>\n<div class=\"vc_btn3-container vc_btn3-center\" >\n\t<a class=\"vc_general vc_btn3 vc_btn3-size-sm vc_btn3-shape-round vc_btn3-style-custom vc_btn3-block vc_btn3-icon-left btn\" style=\"background-color:#22155b; color:#ffffff; background-color:#22155b; color:#ffffff;\" href=\"https:\/\/www.birliktransport.com\/en\/demiryolu-tasimaciligi\/\" title=\"Demiryolu Tas\u0131mac\u0131l\u0131\u011f\u0131\"><i class=\"vc_btn3-icon fas fa-angle-double-right\"><\/i> Railway Transport<\/a>\t<\/div>\n<div class=\"vc_btn3-container vc_btn3-center\" >\n\t<a class=\"vc_general vc_btn3 vc_btn3-size-sm vc_btn3-shape-round vc_btn3-style-custom vc_btn3-block vc_btn3-icon-left btn\" style=\"background-color:#22155b; color:#ffffff; background-color:#22155b; color:#ffffff;\" href=\"https:\/\/www.birliktransport.com\/en\/multimodal-tasimacilik\/\" title=\"Multimodal Transport\"><i class=\"vc_btn3-icon fas fa-angle-double-right\"><\/i> Multimodal Transport<\/a>\t<\/div>\n<\/div><\/div><\/div><\/section><div class=\"vc_row wpb_row row\"><div class=\"vc_column_container col-md-12\"><div class=\"wpb_wrapper vc_column-inner\">\n\t<div class=\"wpb_single_image wpb_content_element vc_align_center\">\n\t\t<div class=\"wpb_wrapper\">\n\t\t\t\n\t\t\t<div class=\"vc_single_image-wrapper   vc_box_border_grey\"><img loading=\"lazy\" decoding=\"async\" width=\"500\" height=\"200\" src=\"https:\/\/www.birliktransport.com\/wp-content\/uploads\/2021\/03\/sds.jpg\" class=\"vc_single_image-img attachment-full\" alt=\"\" srcset=\"https:\/\/www.birliktransport.com\/wp-content\/uploads\/2021\/03\/sds.jpg 500w, https:\/\/www.birliktransport.com\/wp-content\/uploads\/2021\/03\/sds-400x160.jpg 400w, https:\/\/www.birliktransport.com\/wp-content\/uploads\/2021\/03\/sds-367x147.jpg 367w\" sizes=\"auto, (max-width: 500px) 100vw, 500px\" \/><\/div>\n\t\t<\/div>\n\t<\/div>\n<\/div><\/div><\/div>","protected":false},"excerpt":{"rendered":"Parsiyel Ta\u015f\u0131mac\u0131l\u0131k Parsiyel ta\u015f\u0131mac\u0131l\u0131k, ayn\u0131 g\u00fczergahta ta\u015f\u0131nacak olan ve birbirinden farkl\u0131 m\u00fc\u015fterilere ait olan y\u00fcklerin, ayn\u0131 ara\u00e7 ile ta\u015f\u0131ma i\u015flemi oldu\u011fundan, bu s\u00fcrecin en iyi \u015fekilde y\u00f6netilmesi, teslimat organizasyonunun planlan\u0131p, y\u00fck\u00fcn gecikmeden teslim edilmesi hedeflenmektedir. &nbsp; Irak,Iran,Azerbaycan ve C\u0131s \u00fclkelerine d\u00fczenli parsiyel servisimiz mevcuttur G\u00fcvenli Parsiyel Ta\u015f\u0131mac\u0131l\u0131k Y\u00fck\u00fcn\u00fcz\u00fcn g\u00fcvenli ve hasars\u0131z teslim edilmesi konusuna b\u00fcy\u00fck [...]","protected":false},"author":1,"featured_media":0,"parent":0,"menu_order":0,"comment_status":"closed","ping_status":"closed","template":"","meta":{"footnotes":""},"class_list":["post-356","page","type-page","status-publish","hentry"],"_links":{"self":[{"href":"https:\/\/www.birliktransport.com\/en\/wp-json\/wp\/v2\/pages\/356","targetHints":{"allow":["GET"]}}],"collection":[{"href":"https:\/\/www.birliktransport.com\/en\/wp-json\/wp\/v2\/pages"}],"about":[{"href":"https:\/\/www.birliktransport.com\/en\/wp-json\/wp\/v2\/types\/page"}],"author":[{"embeddable":true,"href":"https:\/\/www.birliktransport.com\/en\/wp-json\/wp\/v2\/users\/1"}],"replies":[{"embeddable":true,"href":"https:\/\/www.birliktransport.com\/en\/wp-json\/wp\/v2\/comments?post=356"}],"version-history":[{"count":16,"href":"https:\/\/www.birliktransport.com\/en\/wp-json\/wp\/v2\/pages\/356\/revisions"}],"predecessor-version":[{"id":719,"href":"https:\/\/www.birliktransport.com\/en\/wp-json\/wp\/v2\/pages\/356\/revisions\/719"}],"wp:attachment":[{"href":"https:\/\/www.birliktransport.com\/en\/wp-json\/wp\/v2\/media?parent=356"}],"curies":[{"name":"wp","href":"https:\/\/api.w.org\/{rel}","templated":true}]}}