{"id":354,"date":"2021-03-10T23:39:35","date_gmt":"2021-03-10T20:39:35","guid":{"rendered":"http:\/\/www.birliktransport.com\/?page_id=354"},"modified":"2021-03-21T19:05:21","modified_gmt":"2021-03-21T16:05:21","slug":"multimodal-tasimacilik","status":"publish","type":"page","link":"https:\/\/www.birliktransport.com\/en\/multimodal-tasimacilik\/","title":{"rendered":"Multimodal Transport"},"content":{"rendered":"<section class=\"vc_section\"><div class=\"vc_row wpb_row row\"><div class=\"vc_column_container col-md-12\"><div class=\"wpb_wrapper vc_column-inner\">\n\t<div class=\"wpb_single_image wpb_content_element vc_align_left\">\n\t\t<div class=\"wpb_wrapper\">\n\t\t\t\n\t\t\t<div class=\"vc_single_image-wrapper   vc_box_border_grey\"><img loading=\"lazy\" decoding=\"async\" width=\"253\" height=\"117\" src=\"https:\/\/www.birliktransport.com\/wp-content\/uploads\/2021\/03\/birlik.jpg\" class=\"vc_single_image-img attachment-full\" alt=\"\" \/><\/div>\n\t\t<\/div>\n\t<\/div>\n<h2 style=\"text-align: center\" class=\"vc_custom_heading\">Multimodal Transport<\/h2>\n\t<div class=\"wpb_text_column wpb_content_element\" >\n\t\t<div class=\"wpb_wrapper\">\n\t\t\t<p>As BIRLIK ROAD AND SEA INTERNATIONAL TRANSPORT CO, we stand by our customers due to different environmental factors, different transportation infrastructures, different administrative rules and sometimes when more than one transportation method is required to make the transportation way more effective and economical.<strong>.<\/strong>We also offer perfect service in Multimodal Transportation, which is an integrated system using more than one type of transportation, with our infrastructure installation that facilitates the transfer and our transportation vehicle equipment.<\/p>\n<p>With the experience of our expert staff in Multimodal Transport, and the comprehensive supply chain solution we offer, we ensure that our logistics service is designed from start to finish, and the process is managed smoothly with contracts.<\/p>\n\n\t\t<\/div>\n\t<\/div>\n<div class=\"vc_btn3-container vc_btn3-center\" >\n\t<a class=\"vc_general vc_btn3 vc_btn3-size-md vc_btn3-shape-default vc_btn3-style-custom vc_btn3-icon-left btn\" style=\"background-color:#22155b; color:#ffffff; background-color:#22155b; color:#ffffff;\" href=\"https:\/\/www.birliktransport.com\/en\/iletisim\/\" title=\"Insurance Services\"><i class=\"vc_btn3-icon fas fa-arrow-alt-circle-right\"><\/i> Get Price Now<\/a>\t<\/div>\n<div class=\"vc_row wpb_row vc_inner row vc_column-gap-35\"><div class=\"vc_column_container col-md-6\"><div class=\"wpb_wrapper vc_column-inner\"><div class=\"vc_btn3-container vc_btn3-center\" >\n\t<a class=\"vc_general vc_btn3 vc_btn3-size-sm vc_btn3-shape-round vc_btn3-style-custom vc_btn3-block vc_btn3-icon-left btn\" style=\"background-color:#22155b; color:#ffffff; background-color:#22155b; color:#ffffff;\" href=\"https:\/\/www.birliktransport.com\/en\/sigorta-hizmetleri\/\" title=\"Insurance Services\"><i class=\"vc_btn3-icon fas fa-angle-double-right\"><\/i> Insurance Services<\/a>\t<\/div>\n<div class=\"vc_btn3-container vc_btn3-center\" >\n\t<a class=\"vc_general vc_btn3 vc_btn3-size-sm vc_btn3-shape-round vc_btn3-style-custom vc_btn3-block vc_btn3-icon-left btn\" style=\"background-color:#22155b; color:#ffffff; background-color:#22155b; color:#ffffff;\" href=\"https:\/\/www.birliktransport.com\/en\/proje-tasimaciligi\/\" title=\"Project Transportation\"><i class=\"vc_btn3-icon fas fa-angle-double-right\"><\/i> Project Transportation<\/a>\t<\/div>\n<div class=\"vc_btn3-container vc_btn3-center\" >\n\t<a class=\"vc_general vc_btn3 vc_btn3-size-sm vc_btn3-shape-round vc_btn3-style-custom vc_btn3-block vc_btn3-icon-left btn\" style=\"background-color:#22155b; color:#ffffff; background-color:#22155b; color:#ffffff;\" href=\"https:\/\/www.birliktransport.com\/en\/fuar-tasimaciligi\/\" title=\"Exhibition  Transport\"><i class=\"vc_btn3-icon fas fa-angle-double-right\"><\/i> Exhibition  Transport<\/a>\t<\/div>\n<div class=\"vc_btn3-container vc_btn3-center\" >\n\t<a class=\"vc_general vc_btn3 vc_btn3-size-sm vc_btn3-shape-round vc_btn3-style-custom vc_btn3-block vc_btn3-icon-left btn\" style=\"background-color:#22155b; color:#ffffff; background-color:#22155b; color:#ffffff;\" href=\"https:\/\/www.birliktransport.com\/en\/parsiyel-tasimacilik\/\" title=\"Partial Transportation\"><i class=\"vc_btn3-icon fas fa-angle-double-right\"><\/i> Partial Transportation<\/a>\t<\/div>\n<div class=\"vc_btn3-container vc_btn3-center\" >\n\t<a class=\"vc_general vc_btn3 vc_btn3-size-sm vc_btn3-shape-round vc_btn3-style-custom vc_btn3-block vc_btn3-icon-left btn\" style=\"background-color:#22155b; color:#ffffff; background-color:#22155b; color:#ffffff;\" href=\"https:\/\/www.birliktransport.com\/en\/depolama-hizmetleri\/\" title=\"Storage Services\"><i class=\"vc_btn3-icon fas fa-angle-double-right\"><\/i> Storage Services<\/a>\t<\/div>\n<\/div><\/div><div class=\"vc_column_container col-md-6\"><div class=\"wpb_wrapper vc_column-inner\"><div class=\"vc_btn3-container vc_btn3-center\" >\n\t<a class=\"vc_general vc_btn3 vc_btn3-size-sm vc_btn3-shape-round vc_btn3-style-custom vc_btn3-block vc_btn3-icon-left btn\" style=\"background-color:#22155b; color:#ffffff; background-color:#22155b; color:#ffffff;\" href=\"https:\/\/www.birliktransport.com\/en\/demiryolu-tasimaciligi\/\" title=\"Railway Transport\"><i class=\"vc_btn3-icon fas fa-angle-double-right\"><\/i> Maritime Transport<\/a>\t<\/div>\n<div class=\"vc_btn3-container vc_btn3-center\" >\n\t<a class=\"vc_general vc_btn3 vc_btn3-size-sm vc_btn3-shape-round vc_btn3-style-custom vc_btn3-block vc_btn3-icon-left btn\" style=\"background-color:#22155b; color:#ffffff; background-color:#22155b; color:#ffffff;\" href=\"https:\/\/www.birliktransport.com\/en\/karayolu-tasimaciligi\/\" title=\"Road Transport\"><i class=\"vc_btn3-icon fas fa-angle-double-right\"><\/i> Road Transport<\/a>\t<\/div>\n<div class=\"vc_btn3-container vc_btn3-center\" >\n\t<a class=\"vc_general vc_btn3 vc_btn3-size-sm vc_btn3-shape-round vc_btn3-style-custom vc_btn3-block vc_btn3-icon-left btn\" style=\"background-color:#22155b; color:#ffffff; background-color:#22155b; color:#ffffff;\" href=\"https:\/\/www.birliktransport.com\/en\/havayolu-tasimaciligi\/\" title=\"A\u0131rways Transporting\"><i class=\"vc_btn3-icon fas fa-angle-double-right\"><\/i> A\u0131rways Transporting<\/a>\t<\/div>\n<div class=\"vc_btn3-container vc_btn3-center\" >\n\t<a class=\"vc_general vc_btn3 vc_btn3-size-sm vc_btn3-shape-round vc_btn3-style-custom vc_btn3-block vc_btn3-icon-left btn\" style=\"background-color:#22155b; color:#ffffff; background-color:#22155b; color:#ffffff;\" href=\"https:\/\/www.birliktransport.com\/en\/demiryolu-tasimaciligi\/\" title=\"Railway Transport\"><i class=\"vc_btn3-icon fas fa-angle-double-right\"><\/i> Railway Transport<\/a>\t<\/div>\n<div class=\"vc_btn3-container vc_btn3-center\" >\n\t<a class=\"vc_general vc_btn3 vc_btn3-size-sm vc_btn3-shape-round vc_btn3-style-custom vc_btn3-block vc_btn3-icon-left btn\" style=\"background-color:#22155b; color:#ffffff; background-color:#22155b; color:#ffffff;\" href=\"https:\/\/www.birliktransport.com\/en\/multimodal-tasimacilik\/\" title=\"Multimodal Transport\"><i class=\"vc_btn3-icon fas fa-angle-double-right\"><\/i> Multimodal Transport<\/a>\t<\/div>\n<\/div><\/div><\/div><\/div><\/div><\/div><\/section><div class=\"vc_row wpb_row row\"><div class=\"vc_column_container col-md-12\"><div class=\"wpb_wrapper vc_column-inner\">\n\t<div class=\"wpb_single_image wpb_content_element vc_align_center\">\n\t\t<div class=\"wpb_wrapper\">\n\t\t\t\n\t\t\t<div class=\"vc_single_image-wrapper   vc_box_border_grey\"><img loading=\"lazy\" decoding=\"async\" width=\"500\" height=\"200\" src=\"https:\/\/www.birliktransport.com\/wp-content\/uploads\/2021\/03\/sds.jpg\" class=\"vc_single_image-img attachment-full\" alt=\"\" srcset=\"https:\/\/www.birliktransport.com\/wp-content\/uploads\/2021\/03\/sds.jpg 500w, https:\/\/www.birliktransport.com\/wp-content\/uploads\/2021\/03\/sds-400x160.jpg 400w, https:\/\/www.birliktransport.com\/wp-content\/uploads\/2021\/03\/sds-367x147.jpg 367w\" sizes=\"auto, (max-width: 500px) 100vw, 500px\" \/><\/div>\n\t\t<\/div>\n\t<\/div>\n<\/div><\/div><\/div>","protected":false},"excerpt":{"rendered":"Multimodal Ta\u015f\u0131mac\u0131l\u0131k Birlik Kara ve Deniz Uluslararas\u0131 Nakliyat \u00a0olarak farkl\u0131 \u00e7evresel fakt\u00f6rler, farkl\u0131 ula\u015f\u0131m altyap\u0131lar\u0131, farkl\u0131 y\u00f6netimsel kurallar nedeniyle ve bazen de ta\u015f\u0131ma yolunun daha efektif ve ekonomik olmas\u0131 i\u00e7in birden \u00e7ok ta\u015f\u0131mac\u0131l\u0131k y\u00f6nteminin kullan\u0131lmas\u0131 gerekti\u011fi durumlarda da\u00a0m\u00fc\u015fterilerimizin yan\u0131nday\u0131z.Transferi kolayla\u015ft\u0131ran altyap\u0131 kurulumumuz ve ta\u015f\u0131ma ara\u00e7 ekipmanlar\u0131m\u0131z ile birden fazla ta\u015f\u0131ma \u00e7e\u015fidi kullanarak entegre bir sistem [...]","protected":false},"author":1,"featured_media":0,"parent":0,"menu_order":0,"comment_status":"closed","ping_status":"closed","template":"","meta":{"footnotes":""},"class_list":["post-354","page","type-page","status-publish","hentry"],"_links":{"self":[{"href":"https:\/\/www.birliktransport.com\/en\/wp-json\/wp\/v2\/pages\/354","targetHints":{"allow":["GET"]}}],"collection":[{"href":"https:\/\/www.birliktransport.com\/en\/wp-json\/wp\/v2\/pages"}],"about":[{"href":"https:\/\/www.birliktransport.com\/en\/wp-json\/wp\/v2\/types\/page"}],"author":[{"embeddable":true,"href":"https:\/\/www.birliktransport.com\/en\/wp-json\/wp\/v2\/users\/1"}],"replies":[{"embeddable":true,"href":"https:\/\/www.birliktransport.com\/en\/wp-json\/wp\/v2\/comments?post=354"}],"version-history":[{"count":10,"href":"https:\/\/www.birliktransport.com\/en\/wp-json\/wp\/v2\/pages\/354\/revisions"}],"predecessor-version":[{"id":467,"href":"https:\/\/www.birliktransport.com\/en\/wp-json\/wp\/v2\/pages\/354\/revisions\/467"}],"wp:attachment":[{"href":"https:\/\/www.birliktransport.com\/en\/wp-json\/wp\/v2\/media?parent=354"}],"curies":[{"name":"wp","href":"https:\/\/api.w.org\/{rel}","templated":true}]}}