{"id":350,"date":"2021-03-10T23:37:15","date_gmt":"2021-03-10T20:37:15","guid":{"rendered":"http:\/\/www.birliktransport.com\/?page_id=350"},"modified":"2021-03-21T19:35:03","modified_gmt":"2021-03-21T16:35:03","slug":"havayolu-tasimaciligi","status":"publish","type":"page","link":"https:\/\/www.birliktransport.com\/en\/havayolu-tasimaciligi\/","title":{"rendered":"A\u0131rways Transporting"},"content":{"rendered":"<section class=\"vc_section\"><div class=\"vc_row wpb_row row\"><div class=\"vc_column_container col-md-12\"><div class=\"wpb_wrapper vc_column-inner\">\n\t<div class=\"wpb_single_image wpb_content_element vc_align_left\">\n\t\t<div class=\"wpb_wrapper\">\n\t\t\t\n\t\t\t<div class=\"vc_single_image-wrapper   vc_box_border_grey\"><img loading=\"lazy\" decoding=\"async\" width=\"253\" height=\"117\" src=\"https:\/\/www.birliktransport.com\/wp-content\/uploads\/2021\/03\/birlik.jpg\" class=\"vc_single_image-img attachment-full\" alt=\"\" \/><\/div>\n\t\t<\/div>\n\t<\/div>\n<h2 style=\"text-align: center\" class=\"vc_custom_heading\">A\u0131rways Transporting<\/h2>\n\t<div class=\"wpb_text_column wpb_content_element\" >\n\t\t<div class=\"wpb_wrapper\">\n\t\t\t<p>BIRLIK LAND AND SEA INTERNATIONAL TRANSPORT, which provides airport and door delivery air transportation services from all over the world, provides space and price advantage in transportation thanks to the agreements made with distinguished airline companies.<\/p>\n\n\t\t<\/div>\n\t<\/div>\n<div class=\"vc_btn3-container vc_btn3-inline\" >\n\t<a class=\"vc_general vc_btn3 vc_btn3-size-md vc_btn3-shape-default vc_btn3-style-custom vc_btn3-icon-left btn\" style=\"background-color:#22155b; color:#ffffff; background-color:#22155b; color:#ffffff;\" href=\"https:\/\/www.birliktransport.com\/en\/iletisim\/\" title=\"Contact\"><i class=\"vc_btn3-icon fas fa-arrow-alt-circle-right\"><\/i> Get Price Now<\/a>\t<\/div>\n<\/div><\/div><\/div><\/section><section class=\"vc_section\"><div class=\"vc_row wpb_row row\"><div class=\"vc_column_container col-md-6\"><div class=\"wpb_wrapper vc_column-inner\">\n\t<div class=\"wpb_text_column wpb_content_element\" >\n\t\t<div class=\"wpb_wrapper\">\n\t\t\t<p>Our airline transportation solutions;<\/p>\n<ul>\n<li>\u00a0Import \/ export shipments,<\/li>\n<li>\u00a0Strong network around the world,<\/li>\n<li>\u00a0Consolidation services,<\/li>\n<li>\u00a0Door to door delivery,<\/li>\n<li>\u00a0Project Transportation<\/li>\n<li>\u00a0Fast, reliable and economical service,<\/li>\n<li>Sea + Airline + Road service<\/li>\n<\/ul>\n\n\t\t<\/div>\n\t<\/div>\n<\/div><\/div><div class=\"vc_column_container col-md-6\"><div class=\"wpb_wrapper vc_column-inner\">\n\t<div class=\"wpb_single_image wpb_content_element vc_align_left\">\n\t\t<div class=\"wpb_wrapper\">\n\t\t\t\n\t\t\t<div class=\"vc_single_image-wrapper   vc_box_border_grey\"><img loading=\"lazy\" decoding=\"async\" width=\"600\" height=\"415\" src=\"https:\/\/www.birliktransport.com\/wp-content\/uploads\/2021\/03\/havayolu_tasimaciligi_onemi.png\" class=\"vc_single_image-img attachment-full\" alt=\"\" srcset=\"https:\/\/www.birliktransport.com\/wp-content\/uploads\/2021\/03\/havayolu_tasimaciligi_onemi.png 600w, https:\/\/www.birliktransport.com\/wp-content\/uploads\/2021\/03\/havayolu_tasimaciligi_onemi-400x277.png 400w, https:\/\/www.birliktransport.com\/wp-content\/uploads\/2021\/03\/havayolu_tasimaciligi_onemi-367x254.png 367w\" sizes=\"auto, (max-width: 600px) 100vw, 600px\" \/><\/div>\n\t\t<\/div>\n\t<\/div>\n<\/div><\/div><\/div><\/section><section class=\"vc_section\"><\/section><div class=\"vc_row wpb_row row\"><div class=\"vc_column_container col-md-12\"><div class=\"wpb_wrapper vc_column-inner\"><div class=\"vc_row wpb_row vc_inner row vc_column-gap-35\"><div class=\"vc_column_container col-md-6\"><div class=\"wpb_wrapper vc_column-inner\"><div class=\"vc_btn3-container vc_btn3-center\" >\n\t<a class=\"vc_general vc_btn3 vc_btn3-size-sm vc_btn3-shape-round vc_btn3-style-custom vc_btn3-block vc_btn3-icon-left btn\" style=\"background-color:#22155b; color:#ffffff; background-color:#22155b; color:#ffffff;\" href=\"https:\/\/www.birliktransport.com\/en\/sigorta-hizmetleri\/\" title=\"Insurance Services\"><i class=\"vc_btn3-icon fas fa-angle-double-right\"><\/i> Insurance Services<\/a>\t<\/div>\n<div class=\"vc_btn3-container vc_btn3-center\" >\n\t<a class=\"vc_general vc_btn3 vc_btn3-size-sm vc_btn3-shape-round vc_btn3-style-custom vc_btn3-block vc_btn3-icon-left btn\" style=\"background-color:#22155b; color:#ffffff; background-color:#22155b; color:#ffffff;\" href=\"https:\/\/www.birliktransport.com\/en\/proje-tasimaciligi\/\" title=\"Project Transportation\"><i class=\"vc_btn3-icon fas fa-angle-double-right\"><\/i> Project Transportation<\/a>\t<\/div>\n<div class=\"vc_btn3-container vc_btn3-center\" >\n\t<a class=\"vc_general vc_btn3 vc_btn3-size-sm vc_btn3-shape-round vc_btn3-style-custom vc_btn3-block vc_btn3-icon-left btn\" style=\"background-color:#22155b; color:#ffffff; background-color:#22155b; color:#ffffff;\" href=\"https:\/\/www.birliktransport.com\/en\/fuar-tasimaciligi\/\" title=\"Exhibition  Transport\"><i class=\"vc_btn3-icon fas fa-angle-double-right\"><\/i> Exhibition  Transport<\/a>\t<\/div>\n<div class=\"vc_btn3-container vc_btn3-center\" >\n\t<a class=\"vc_general vc_btn3 vc_btn3-size-sm vc_btn3-shape-round vc_btn3-style-custom vc_btn3-block vc_btn3-icon-left btn\" style=\"background-color:#22155b; color:#ffffff; background-color:#22155b; color:#ffffff;\" href=\"https:\/\/www.birliktransport.com\/en\/parsiyel-tasimacilik\/\" title=\"Partial Transportation\"><i class=\"vc_btn3-icon fas fa-angle-double-right\"><\/i> Partial Transportation<\/a>\t<\/div>\n<div class=\"vc_btn3-container vc_btn3-center\" >\n\t<a class=\"vc_general vc_btn3 vc_btn3-size-sm vc_btn3-shape-round vc_btn3-style-custom vc_btn3-block vc_btn3-icon-left btn\" style=\"background-color:#22155b; color:#ffffff; background-color:#22155b; color:#ffffff;\" href=\"https:\/\/www.birliktransport.com\/en\/depolama-hizmetleri\/\" title=\"Storage Services\"><i class=\"vc_btn3-icon fas fa-angle-double-right\"><\/i> Storage Services<\/a>\t<\/div>\n<\/div><\/div><div class=\"vc_column_container col-md-6\"><div class=\"wpb_wrapper vc_column-inner\"><div class=\"vc_btn3-container vc_btn3-center\" >\n\t<a class=\"vc_general vc_btn3 vc_btn3-size-sm vc_btn3-shape-round vc_btn3-style-custom vc_btn3-block vc_btn3-icon-left btn\" style=\"background-color:#22155b; color:#ffffff; background-color:#22155b; color:#ffffff;\" href=\"https:\/\/www.birliktransport.com\/en\/denizyolu-tasimaciligi\/\" title=\"Maritime Transport\"><i class=\"vc_btn3-icon fas fa-angle-double-right\"><\/i> Maritime Transport<\/a>\t<\/div>\n<div class=\"vc_btn3-container vc_btn3-center\" >\n\t<a class=\"vc_general vc_btn3 vc_btn3-size-sm vc_btn3-shape-round vc_btn3-style-custom vc_btn3-block vc_btn3-icon-left btn\" style=\"background-color:#22155b; color:#ffffff; background-color:#22155b; color:#ffffff;\" href=\"https:\/\/www.birliktransport.com\/en\/karayolu-tasimaciligi\/\" title=\"Road Transport\"><i class=\"vc_btn3-icon fas fa-angle-double-right\"><\/i> Road Transport<\/a>\t<\/div>\n<div class=\"vc_btn3-container vc_btn3-center\" >\n\t<a class=\"vc_general vc_btn3 vc_btn3-size-sm vc_btn3-shape-round vc_btn3-style-custom vc_btn3-block vc_btn3-icon-left btn\" style=\"background-color:#22155b; color:#ffffff; background-color:#22155b; color:#ffffff;\" href=\"https:\/\/www.birliktransport.com\/en\/havayolu-tasimaciligi\/\" title=\"A\u0131rways Transporting\"><i class=\"vc_btn3-icon fas fa-angle-double-right\"><\/i> A\u0131rways Transporting<\/a>\t<\/div>\n<div class=\"vc_btn3-container vc_btn3-center\" >\n\t<a class=\"vc_general vc_btn3 vc_btn3-size-sm vc_btn3-shape-round vc_btn3-style-custom vc_btn3-block vc_btn3-icon-left btn\" style=\"background-color:#22155b; color:#ffffff; background-color:#22155b; color:#ffffff;\" href=\"https:\/\/www.birliktransport.com\/en\/demiryolu-tasimaciligi\/\" title=\"Railway Transport\"><i class=\"vc_btn3-icon fas fa-angle-double-right\"><\/i> Railway Transport<\/a>\t<\/div>\n<div class=\"vc_btn3-container vc_btn3-center\" >\n\t<a class=\"vc_general vc_btn3 vc_btn3-size-sm vc_btn3-shape-round vc_btn3-style-custom vc_btn3-block vc_btn3-icon-left btn\" style=\"background-color:#22155b; color:#ffffff; background-color:#22155b; color:#ffffff;\" href=\"https:\/\/www.birliktransport.com\/en\/multimodal-tasimacilik\/\" title=\"Multimodal Transport\"><i class=\"vc_btn3-icon fas fa-angle-double-right\"><\/i> Multimodal Transport<\/a>\t<\/div>\n<\/div><\/div><\/div><\/div><\/div><\/div><section class=\"vc_section\"><div class=\"vc_row wpb_row row\"><div class=\"vc_column_container col-md-12\"><div class=\"wpb_wrapper vc_column-inner\">\n\t<div class=\"wpb_single_image wpb_content_element vc_align_center\">\n\t\t<div class=\"wpb_wrapper\">\n\t\t\t\n\t\t\t<div class=\"vc_single_image-wrapper   vc_box_border_grey\"><img loading=\"lazy\" decoding=\"async\" width=\"500\" height=\"200\" src=\"https:\/\/www.birliktransport.com\/wp-content\/uploads\/2021\/03\/sds.jpg\" class=\"vc_single_image-img attachment-full\" alt=\"\" srcset=\"https:\/\/www.birliktransport.com\/wp-content\/uploads\/2021\/03\/sds.jpg 500w, https:\/\/www.birliktransport.com\/wp-content\/uploads\/2021\/03\/sds-400x160.jpg 400w, https:\/\/www.birliktransport.com\/wp-content\/uploads\/2021\/03\/sds-367x147.jpg 367w\" sizes=\"auto, (max-width: 500px) 100vw, 500px\" \/><\/div>\n\t\t<\/div>\n\t<\/div>\n<\/div><\/div><\/div><\/section>","protected":false},"excerpt":{"rendered":"Havayolu Ta\u015f\u0131mac\u0131l\u0131\u011f\u0131 D\u00fcnyan\u0131n her yerinden havaliman\u0131 ve kap\u0131 teslimi havayolu ta\u015f\u0131mac\u0131l\u0131\u011f\u0131 hizmetleri veren BIRLIK KARA VE DENIZ ULUSLARASI NAKLIYAT se\u00e7kin havayolu firmalariyla yap\u0131lan anla\u015fmalar sayesinde ta\u015f\u0131malarda yer ve fiyat avantaj\u0131 sa\u011flamaktad\u0131r. Hemen Fiyat Al Havayolu ta\u015f\u0131mac\u0131l\u0131\u011f\u0131 \u00e7\u00f6z\u00fcmlerimiz; \u00a0\u0130thalat\/ihracat ta\u015f\u0131malar\u0131, \u00a0D\u00fcnya \u00e7ap\u0131nda g\u00fc\u00e7l\u00fc network, \u00a0Konsolidasyon hizmetleri, \u00a0Kap\u0131dan kap\u0131ya teslimat, \u00a0Proje ta\u015f\u0131mac\u0131l\u0131\u011f\u0131, \u00a0H\u0131zl\u0131, g\u00fcvenilir ve ekonomik hizmet, [...]","protected":false},"author":1,"featured_media":0,"parent":0,"menu_order":0,"comment_status":"closed","ping_status":"closed","template":"","meta":{"footnotes":""},"class_list":["post-350","page","type-page","status-publish","hentry"],"_links":{"self":[{"href":"https:\/\/www.birliktransport.com\/en\/wp-json\/wp\/v2\/pages\/350","targetHints":{"allow":["GET"]}}],"collection":[{"href":"https:\/\/www.birliktransport.com\/en\/wp-json\/wp\/v2\/pages"}],"about":[{"href":"https:\/\/www.birliktransport.com\/en\/wp-json\/wp\/v2\/types\/page"}],"author":[{"embeddable":true,"href":"https:\/\/www.birliktransport.com\/en\/wp-json\/wp\/v2\/users\/1"}],"replies":[{"embeddable":true,"href":"https:\/\/www.birliktransport.com\/en\/wp-json\/wp\/v2\/comments?post=350"}],"version-history":[{"count":18,"href":"https:\/\/www.birliktransport.com\/en\/wp-json\/wp\/v2\/pages\/350\/revisions"}],"predecessor-version":[{"id":726,"href":"https:\/\/www.birliktransport.com\/en\/wp-json\/wp\/v2\/pages\/350\/revisions\/726"}],"wp:attachment":[{"href":"https:\/\/www.birliktransport.com\/en\/wp-json\/wp\/v2\/media?parent=350"}],"curies":[{"name":"wp","href":"https:\/\/api.w.org\/{rel}","templated":true}]}}