{"id":346,"date":"2021-03-10T23:35:49","date_gmt":"2021-03-10T20:35:49","guid":{"rendered":"http:\/\/www.birliktransport.com\/?page_id=346"},"modified":"2021-03-21T19:00:49","modified_gmt":"2021-03-21T16:00:49","slug":"karayolu-tasimaciligi","status":"publish","type":"page","link":"https:\/\/www.birliktransport.com\/en\/karayolu-tasimaciligi\/","title":{"rendered":"Road Transport"},"content":{"rendered":"<section class=\"vc_section\"><div class=\"vc_row wpb_row row\"><div class=\"vc_column_container col-md-12\"><div class=\"wpb_wrapper vc_column-inner\">\n\t<div class=\"wpb_single_image wpb_content_element vc_align_left\">\n\t\t<div class=\"wpb_wrapper\">\n\t\t\t\n\t\t\t<div class=\"vc_single_image-wrapper   vc_box_border_grey\"><img loading=\"lazy\" decoding=\"async\" width=\"253\" height=\"117\" src=\"https:\/\/www.birliktransport.com\/wp-content\/uploads\/2021\/03\/birlik.jpg\" class=\"vc_single_image-img attachment-full\" alt=\"\" \/><\/div>\n\t\t<\/div>\n\t<\/div>\n<h2 style=\"text-align: center\" class=\"vc_custom_heading\">Road Transport<\/h2>\n\t<div class=\"wpb_single_image wpb_content_element vc_align_center\">\n\t\t<div class=\"wpb_wrapper\">\n\t\t\t\n\t\t\t<div class=\"vc_single_image-wrapper vc_box_shadow_3d  vc_box_border_grey\"><span class=\"vc_box_shadow_3d_wrap\"><img loading=\"lazy\" decoding=\"async\" class=\"vc_single_image-img\" src=\"https:\/\/www.birliktransport.com\/wp-content\/uploads\/2021\/03\/karayolu-2-e1615724062461-900x300.jpeg\" width=\"900\" height=\"300\" alt=\"karayolu-2\" title=\"karayolu-2\" \/><\/span><\/div>\n\t\t<\/div>\n\t<\/div>\n<p style=\"text-align: center\" class=\"vc_custom_heading\">BIRLIK ROAD AND SEA INTERNATIONAL TRANSPORT  is by your side with Road Transport in all your imports and exports, thanks to its wide network of agencies and its contracted warehouses abroad, between the Europe-Middle East-Turkic Republics corridor!\nIn addition to our Complete * Transportation and Project Transportation, we offer our customers the most suitable solutions in the field of Road Transportation with our weekly regular Partial * Transportation Services.\nWe deliver your products safely to their places with our expert team in road transport, our operational experience, our route knowledge, and our reliable suppliers. You can contact us for all transportation services you may need for Road Transport.<\/p><div class=\"vc_btn3-container vc_btn3-center\" >\n\t<a class=\"vc_general vc_btn3 vc_btn3-size-lg vc_btn3-shape-rounded vc_btn3-style-custom vc_btn3-icon-left btn\" style=\"background-color:#22155b; color:#ffffff; background-color:#22155b; color:#ffffff;\" href=\"http:\/\/www.birliktransport.com\/en\/contact-us\/\" title=\"Contact Us\"><i class=\"vc_btn3-icon fas fa-arrow-alt-circle-right\"><\/i> Get Price Now<\/a>\t<\/div>\n\n\t<div class=\"wpb_text_column wpb_content_element\" >\n\t\t<div class=\"wpb_wrapper\">\n\t\t\t<ul>\n<li>Complete Transportation: FCL: Full Container Load \/ Full Container Load<\/li>\n<li>Partial Transportation: LCL-Less Container Load \/ Partial Container Load: The process of transporting loads of different customers on the same route with the same vehicle.<\/li>\n<li>Handling: Stacking, relocating, transferring from large containers to small containers, renewing or repairing the containers, venting, sieving, mixing and similar operations without changing the original characteristics of the goods under customs supervision.<\/li>\n<\/ul>\n\n\t\t<\/div>\n\t<\/div>\n<\/div><\/div><\/div><div class=\"vc_row wpb_row row\"><div class=\"vc_column_container col-md-6\"><div class=\"wpb_wrapper vc_column-inner\">\n\t<div class=\"wpb_text_column wpb_content_element\" >\n\t\t<div class=\"wpb_wrapper\">\n\t\t\t<p><strong>Our Featured Services:<\/strong><\/p>\n<ul>\n<li style=\"list-style-type: none;\">\n<ul>\n<li>Complete Transportation<\/li>\n<li>Regular Partial Transportation to the Middle East and Turkic Republics<\/li>\n<li>Project Transportation<\/li>\n<li>Express Transportation (Minivan)<\/li>\n<li>Heavy Load Transportation (Lowbed)<\/li>\n<li>Transportation with Frigo Vehicles<\/li>\n<li>Indirect Transit in Turkey<\/li>\n<li>Integrated Airway, Seaway, Railway Transport with Road<\/li>\n<li>Domestic Transportation and Distribution<\/li>\n<li>Storage Services<\/li>\n<\/ul>\n<\/li>\n<\/ul>\n\n\t\t<\/div>\n\t<\/div>\n<\/div><\/div><div class=\"vc_column_container col-md-6\"><div class=\"wpb_wrapper vc_column-inner\">\n\t<div class=\"wpb_single_image wpb_content_element vc_align_left\">\n\t\t<div class=\"wpb_wrapper\">\n\t\t\t\n\t\t\t<div class=\"vc_single_image-wrapper vc_box_shadow_3d  vc_box_border_grey\"><span class=\"vc_box_shadow_3d_wrap\"><img loading=\"lazy\" decoding=\"async\" width=\"600\" height=\"465\" src=\"https:\/\/www.birliktransport.com\/wp-content\/uploads\/2021\/03\/karayolu_tasimaciligi_hizmeti.png\" class=\"vc_single_image-img attachment-full\" alt=\"\" srcset=\"https:\/\/www.birliktransport.com\/wp-content\/uploads\/2021\/03\/karayolu_tasimaciligi_hizmeti.png 600w, https:\/\/www.birliktransport.com\/wp-content\/uploads\/2021\/03\/karayolu_tasimaciligi_hizmeti-400x310.png 400w, https:\/\/www.birliktransport.com\/wp-content\/uploads\/2021\/03\/karayolu_tasimaciligi_hizmeti-367x284.png 367w\" sizes=\"auto, (max-width: 600px) 100vw, 600px\" \/><\/span><\/div>\n\t\t<\/div>\n\t<\/div>\n<\/div><\/div><\/div><div data-vc-full-width=\"true\" data-vc-full-width-init=\"false\" data-vc-stretch-content=\"true\" class=\"vc_row wpb_row row vc_column-gap-35\"><div class=\"vc_column_container col-md-12\"><div class=\"wpb_wrapper vc_column-inner\"><div class=\"vc_row wpb_row vc_inner row\"><div class=\"vc_column_container col-md-6\"><div class=\"wpb_wrapper vc_column-inner\"><div class=\"vc_btn3-container vc_btn3-center\" >\n\t<button class=\"vc_general vc_btn3 vc_btn3-size-sm vc_btn3-shape-round vc_btn3-style-custom vc_btn3-block vc_btn3-icon-left btn\" style=\"background-color:#22155b; color:#ffffff; background-color:#22155b; color:#ffffff;\"><i class=\"vc_btn3-icon fas fa-angle-double-right\"><\/i> Insurance Services<\/button>\t<\/div>\n<div class=\"vc_btn3-container vc_btn3-center\" >\n\t<a class=\"vc_general vc_btn3 vc_btn3-size-sm vc_btn3-shape-round vc_btn3-style-custom vc_btn3-block vc_btn3-icon-left btn\" style=\"background-color:#22155b; color:#ffffff; background-color:#22155b; color:#ffffff;\" href=\"https:\/\/www.birliktransport.com\/en\/proje-tasimaciligi\/\" title=\"Project Transportation\"><i class=\"vc_btn3-icon fas fa-angle-double-right\"><\/i> Project Transportation<\/a>\t<\/div>\n<div class=\"vc_btn3-container vc_btn3-center\" >\n\t<a class=\"vc_general vc_btn3 vc_btn3-size-sm vc_btn3-shape-round vc_btn3-style-custom vc_btn3-block vc_btn3-icon-left btn\" style=\"background-color:#22155b; color:#ffffff; background-color:#22155b; color:#ffffff;\" href=\"https:\/\/www.birliktransport.com\/en\/fuar-tasimaciligi\/\" title=\"Exhibition  Transport\"><i class=\"vc_btn3-icon fas fa-angle-double-right\"><\/i> Exhibition  Transport<\/a>\t<\/div>\n<div class=\"vc_btn3-container vc_btn3-center\" >\n\t<a class=\"vc_general vc_btn3 vc_btn3-size-sm vc_btn3-shape-round vc_btn3-style-custom vc_btn3-block vc_btn3-icon-left btn\" style=\"background-color:#22155b; color:#ffffff; background-color:#22155b; color:#ffffff;\" href=\"https:\/\/www.birliktransport.com\/en\/parsiyel-tasimacilik\/\" title=\"Partial Transportation\"><i class=\"vc_btn3-icon fas fa-angle-double-right\"><\/i> Partial Transportation<\/a>\t<\/div>\n<div class=\"vc_btn3-container vc_btn3-center\" >\n\t<a class=\"vc_general vc_btn3 vc_btn3-size-sm vc_btn3-shape-round vc_btn3-style-custom vc_btn3-block vc_btn3-icon-left btn\" style=\"background-color:#22155b; color:#ffffff; background-color:#22155b; color:#ffffff;\" href=\"https:\/\/www.birliktransport.com\/en\/depolama-hizmetleri\/\" title=\"Storage Services\"><i class=\"vc_btn3-icon fas fa-angle-double-right\"><\/i> Storage Services<\/a>\t<\/div>\n<\/div><\/div><div class=\"vc_column_container col-md-6\"><div class=\"wpb_wrapper vc_column-inner\"><div class=\"vc_btn3-container vc_btn3-center\" >\n\t<a class=\"vc_general vc_btn3 vc_btn3-size-sm vc_btn3-shape-round vc_btn3-style-custom vc_btn3-block vc_btn3-icon-left btn\" style=\"background-color:#22155b; color:#ffffff; background-color:#22155b; color:#ffffff;\" href=\"https:\/\/www.birliktransport.com\/en\/denizyolu-tasimaciligi\/\" title=\"Maritime Transport\"><i class=\"vc_btn3-icon fas fa-angle-double-right\"><\/i> Maritime Transport<\/a>\t<\/div>\n<div class=\"vc_btn3-container vc_btn3-center\" >\n\t<a class=\"vc_general vc_btn3 vc_btn3-size-sm vc_btn3-shape-round vc_btn3-style-custom vc_btn3-block vc_btn3-icon-left btn\" style=\"background-color:#22155b; color:#ffffff; background-color:#22155b; color:#ffffff;\" href=\"https:\/\/www.birliktransport.com\/en\/karayolu-tasimaciligi\/\" title=\"Road Transport\"><i class=\"vc_btn3-icon fas fa-angle-double-right\"><\/i> Road Transport<\/a>\t<\/div>\n<div class=\"vc_btn3-container vc_btn3-center\" >\n\t<a class=\"vc_general vc_btn3 vc_btn3-size-sm vc_btn3-shape-round vc_btn3-style-custom vc_btn3-block vc_btn3-icon-left btn\" style=\"background-color:#22155b; color:#ffffff; background-color:#22155b; color:#ffffff;\" href=\"https:\/\/www.birliktransport.com\/en\/havayolu-tasimaciligi\/\" title=\"A\u0131rways Transporting\"><i class=\"vc_btn3-icon fas fa-angle-double-right\"><\/i> A\u0131rways Transporting<\/a>\t<\/div>\n<div class=\"vc_btn3-container vc_btn3-center\" >\n\t<a class=\"vc_general vc_btn3 vc_btn3-size-sm vc_btn3-shape-round vc_btn3-style-custom vc_btn3-block vc_btn3-icon-left btn\" style=\"background-color:#22155b; color:#ffffff; background-color:#22155b; color:#ffffff;\" href=\"https:\/\/www.birliktransport.com\/en\/demiryolu-tasimaciligi\/\" title=\"Railway Transport\"><i class=\"vc_btn3-icon fas fa-angle-double-right\"><\/i> Railway Transport<\/a>\t<\/div>\n<div class=\"vc_btn3-container vc_btn3-center\" >\n\t<a class=\"vc_general vc_btn3 vc_btn3-size-sm vc_btn3-shape-round vc_btn3-style-custom vc_btn3-block vc_btn3-icon-left btn\" style=\"background-color:#22155b; color:#ffffff; background-color:#22155b; color:#ffffff;\" href=\"https:\/\/www.birliktransport.com\/en\/multimodal-tasimacilik\/\" title=\"Multimodal Transport\"><i class=\"vc_btn3-icon fas fa-angle-double-right\"><\/i> Multimodal Transport<\/a>\t<\/div>\n<\/div><\/div><\/div><\/div><\/div><\/div><div class=\"vc_row-full-width vc_clearfix\"><\/div><\/section><section class=\"vc_section\"><div class=\"vc_row wpb_row row\"><div class=\"vc_column_container col-md-12\"><div class=\"wpb_wrapper vc_column-inner\">\n\t<div class=\"wpb_single_image wpb_content_element vc_align_center\">\n\t\t<div class=\"wpb_wrapper\">\n\t\t\t\n\t\t\t<div class=\"vc_single_image-wrapper   vc_box_border_grey\"><img loading=\"lazy\" decoding=\"async\" width=\"500\" height=\"200\" src=\"https:\/\/www.birliktransport.com\/wp-content\/uploads\/2021\/03\/sds.jpg\" class=\"vc_single_image-img attachment-full\" alt=\"\" srcset=\"https:\/\/www.birliktransport.com\/wp-content\/uploads\/2021\/03\/sds.jpg 500w, https:\/\/www.birliktransport.com\/wp-content\/uploads\/2021\/03\/sds-400x160.jpg 400w, https:\/\/www.birliktransport.com\/wp-content\/uploads\/2021\/03\/sds-367x147.jpg 367w\" sizes=\"auto, (max-width: 500px) 100vw, 500px\" \/><\/div>\n\t\t<\/div>\n\t<\/div>\n<\/div><\/div><\/div><\/section>","protected":false},"excerpt":{"rendered":"Karayolu Ta\u015f\u0131mac\u0131l\u0131\u011f\u0131 Avrupa-Ortado\u011fu-T\u00fcrk Cumhuriyetleri koridoru aras\u0131nda B\u0130RL\u0130K TRANSPORT geni\u015f acente a\u011f\u0131, yurt d\u0131\u015f\u0131nda outsource olarak kulland\u0131\u011f\u0131 anla\u015fmal\u0131 antrepolar\u0131 sayesinde, t\u00fcm ithalat ve ihracatlar\u0131n\u0131zda Karayolu Ta\u015f\u0131mac\u0131l\u0131\u011f\u0131 ile yan\u0131n\u0131zda!Komple* Ta\u015f\u0131ma ve Proje Ta\u015f\u0131mac\u0131l\u0131\u011f\u0131m\u0131z\u0131n yan\u0131 s\u0131ra haftal\u0131k d\u00fczenli Parsiyel* Ta\u015f\u0131mac\u0131l\u0131k Hizmetlerimiz ile Karayolu Ta\u015f\u0131mac\u0131l\u0131\u011f\u0131 alan\u0131nda m\u00fc\u015fterilerimize en uygun \u00e7\u00f6z\u00fcm yollar\u0131n\u0131 sunuyoruz.Karayolu Ta\u015f\u0131mac\u0131l\u0131\u011f\u0131 konusunda uzman ekibimiz, operasyonel deneyimlerimiz, g\u00fczergah [...]","protected":false},"author":1,"featured_media":0,"parent":0,"menu_order":0,"comment_status":"closed","ping_status":"closed","template":"","meta":{"footnotes":""},"class_list":["post-346","page","type-page","status-publish","hentry"],"_links":{"self":[{"href":"https:\/\/www.birliktransport.com\/en\/wp-json\/wp\/v2\/pages\/346","targetHints":{"allow":["GET"]}}],"collection":[{"href":"https:\/\/www.birliktransport.com\/en\/wp-json\/wp\/v2\/pages"}],"about":[{"href":"https:\/\/www.birliktransport.com\/en\/wp-json\/wp\/v2\/types\/page"}],"author":[{"embeddable":true,"href":"https:\/\/www.birliktransport.com\/en\/wp-json\/wp\/v2\/users\/1"}],"replies":[{"embeddable":true,"href":"https:\/\/www.birliktransport.com\/en\/wp-json\/wp\/v2\/comments?post=346"}],"version-history":[{"count":25,"href":"https:\/\/www.birliktransport.com\/en\/wp-json\/wp\/v2\/pages\/346\/revisions"}],"predecessor-version":[{"id":685,"href":"https:\/\/www.birliktransport.com\/en\/wp-json\/wp\/v2\/pages\/346\/revisions\/685"}],"wp:attachment":[{"href":"https:\/\/www.birliktransport.com\/en\/wp-json\/wp\/v2\/media?parent=346"}],"curies":[{"name":"wp","href":"https:\/\/api.w.org\/{rel}","templated":true}]}}