{"id":2,"date":"2020-06-01T03:50:09","date_gmt":"2020-06-01T03:50:09","guid":{"rendered":"http:\/\/www.birliktransport.com\/?page_id=2"},"modified":"2021-03-18T20:19:24","modified_gmt":"2021-03-18T17:19:24","slug":"home","status":"publish","type":"page","link":"https:\/\/www.birliktransport.com\/en\/","title":{"rendered":"Home Page"},"content":{"rendered":"<div class=\"vc_row wpb_row section-angled section-angled-layer-bottom no-padding pt-0 pb-0 section-no-borders vc_row-o-full-height vc_row-o-columns-middle vc_row-flex porto-inner-container\"><div class=\"porto-wrap-container container\"><div class=\"row align-items-start\"><div class=\"vc_column_container col-md-12\"><div class=\"wpb_wrapper vc_column-inner\"><div class=\"porto-separator\"><hr class=\"separator-line  align_center\" style=\"background-image: -webkit-linear-gradient(left, transparent, grey, transparent); background-image: linear-gradient(to right, transparent, grey, transparent);\"><\/div><div class=\"porto-separator short\"><hr class=\"separator-line  align_center\" style=\"background-image: -webkit-linear-gradient(left, transparent, white, transparent); background-image: linear-gradient(to right, transparent, white, transparent);width:10%;\"><\/div><div class=\"porto-separator\"><hr class=\"separator-line  align_center\" style=\"background-image: -webkit-linear-gradient(left, transparent, white, transparent); background-image: linear-gradient(to right, transparent, white, transparent);\"><\/div><h2 style=\"text-align: center\" id=\"Lojistik Ve Ta\u015f\u0131mac\u0131l\u0131k \u00c7\u00f6z\u00fcmlerimiz ile Fark\u0131 Ke\u015ffedin!\" class=\"vc_custom_heading\">Discover the Difference with Our Logistics and Transportation Solutions!<\/h2><p style=\"color: #000000;text-align: center\" class=\"vc_custom_heading mb-2\">In international logistics, we strive to provide special and excellent service to our customers, from small parcels to project transportation, from storage to supply chain management, from partial transportation to complete transportation. We aim to shape the future of trade with our logistics solutions that we have developed in the changing world.<br \/>\nBeing reason: Logistics Sector in Turkey and become one of the leading players in the world.<br \/>\nOur aim is to support our customers' success, contribute to their goals, and be with them in their future! We know the importance of a solution-oriented approach in logistics services, operational experience to serve international trading companies, on-site and timely support! The cargo of our customers is our cargo, the priority of our customers is our priority ...<\/p><style>.vc_btn3-style-gradient.vc_btn-gradient-btn-69e5cdb069286:hover,.vc_btn3-style-gradient.vc_btn-gradient-btn-69e5cdb069286:focus{color: #fff;background-color: #5aa1e3;border: none;background-position: 100% 0;} .vc_btn3-style-gradient.vc_btn-gradient-btn-69e5cdb069286{color: #fff;border: none;background-color: #5aa1e3;background-image: -webkit-linear-gradient(left, #5aa1e3 0%, #5aa1e3 50%,#5aa1e3 100%);background-image: linear-gradient(to right, #5aa1e3 0%, #5aa1e3 50%,#5aa1e3 100%);transition: all .2s ease-in-out;background-size: 200% 100%;}<\/style><div class=\"vc_btn3-container vc_btn3-center\" >\n\t<a data-vc-gradient-1=\"#5aa1e3\" data-vc-gradient-2=\"#5aa1e3\" class=\"vc_general vc_btn3 vc_btn3-size-xl vc_btn3-shape-round vc_btn3-style-gradient vc_btn-gradient-btn-69e5cdb069286 btn\" href=\"https:\/\/www.birliktransport.com\/en\/hakkimizda\/\" title=\"About Us\">Click to continue<\/a>\t<\/div>\n<div class=\"porto-separator\"><hr class=\"separator-line  align_center\" style=\"background-image: -webkit-linear-gradient(left, transparent, grey, transparent); background-image: linear-gradient(to right, transparent, grey, transparent);\"><\/div><div class=\"porto-carousel owl-carousel has-ccols ccols-xl-4 ccols-lg-4 ccols-md-3 ccols-sm-2 ccols-1 mt-4 mb-0 text-center dots-style-1\" data-plugin-options=\"{&quot;stagePadding&quot;:0,&quot;margin&quot;:18,&quot;autoplay&quot;:&quot;yes&quot;,&quot;autoplayTimeout&quot;:5000,&quot;autoplayHoverPause&quot;:&quot;true&quot;,&quot;items&quot;:4,&quot;lg&quot;:4,&quot;md&quot;:3,&quot;sm&quot;:2,&quot;xs&quot;:1,&quot;nav&quot;:false,&quot;dots&quot;:&quot;yes&quot;,&quot;animateIn&quot;:&quot;&quot;,&quot;animateOut&quot;:&quot;&quot;,&quot;loop&quot;:false,&quot;center&quot;:false,&quot;video&quot;:false,&quot;lazyLoad&quot;:false,&quot;fullscreen&quot;:false}\"><div class=\"porto-ultimate-content-box-container custom-card\" data-appear-animation=\"fadeIn\" data-appear-animation-delay=\"200\"><style>#porto_ucb_6072{will-change: box-shadow;box-shadow: none;}#porto_ucb_6072:hover{box-shadow:0px 0px 20px -5px rgba(0,0,0,0.1)}<\/style><div class=\"porto-ultimate-content-box vc_custom_1615491579572\" style=\"border:2px solid #f2f2f2;\" id=\"porto_ucb_6072\">\n\t<div class=\"wpb_single_image wpb_content_element vc_align_center\">\n\t\t<div class=\"wpb_wrapper\">\n\t\t\t\n\t\t\t<div class=\"vc_single_image-wrapper   vc_box_border_grey\"><img loading=\"lazy\" decoding=\"async\" width=\"100\" height=\"100\" src=\"https:\/\/www.birliktransport.com\/wp-content\/uploads\/2021\/03\/I-karayolu-tasimaciligi-0449.png\" class=\"vc_single_image-img attachment-thumbnail\" alt=\"\" \/><\/div>\n\t\t<\/div>\n\t<\/div>\n<h6 style=\"font-size: 1.5em;line-height: 1.3;text-align: center\" class=\"vc_custom_heading mb-3\">Road Transport<\/h6><p style=\"text-align: center\" class=\"vc_custom_heading\">We serve with our expert team, operational experience and route knowledge in Road Transport.<\/p><p style=\"text-align: center;font-weight:700\" class=\"vc_custom_heading mb-0 heading-primary\"><a href=\"https:\/\/www.birliktransport.com\/en\/karayolu-tasimaciligi\/\" title=\"Road Transport\">Read More<\/a><\/p><\/div><\/div><div class=\"porto-ultimate-content-box-container custom-card\" data-appear-animation=\"fadeIn\" data-appear-animation-delay=\"400\"><style>#porto_ucb_5942{will-change: box-shadow;box-shadow: none;}#porto_ucb_5942:hover{box-shadow:0px 0px 20px -5px rgba(0,0,0,0.1)}<\/style><div class=\"porto-ultimate-content-box vc_custom_1591082049643\" style=\"border:1px solid rgba(0,0,0,0.06);\" id=\"porto_ucb_5942\">\n\t<div class=\"wpb_single_image wpb_content_element vc_align_center\">\n\t\t<div class=\"wpb_wrapper\">\n\t\t\t\n\t\t\t<div class=\"vc_single_image-wrapper   vc_box_border_grey\"><img loading=\"lazy\" decoding=\"async\" width=\"100\" height=\"100\" src=\"https:\/\/www.birliktransport.com\/wp-content\/uploads\/2021\/03\/I-denizyolu-tasimaciligi-9314.png\" class=\"vc_single_image-img attachment-thumbnail\" alt=\"\" \/><\/div>\n\t\t<\/div>\n\t<\/div>\n<h4 style=\"font-size: 1.5em;line-height: 1.3;text-align: center\" class=\"vc_custom_heading mb-3\">Maritime Transport<\/h4><p style=\"text-align: center\" class=\"vc_custom_heading\">We deliver your cargo to all ports of the world safely, and we do all the necessary work in sea transportation.<\/p><p style=\"text-align: center;font-weight:700\" class=\"vc_custom_heading mb-0 heading-primary\"><a href=\"https:\/\/www.birliktransport.com\/en\/denizyolu-tasimaciligi\/\" title=\"Maritime Transport\">Read More<\/a><\/p><\/div><\/div><div class=\"porto-ultimate-content-box-container custom-card\" data-appear-animation=\"fadeIn\" data-appear-animation-delay=\"600\"><style>#porto_ucb_1519{will-change: box-shadow;box-shadow: none;}#porto_ucb_1519:hover{box-shadow:0px 0px 20px -5px rgba(0,0,0,0.1)}<\/style><div class=\"porto-ultimate-content-box vc_custom_1591082060193\" style=\"border:1px solid rgba(0,0,0,0.06);\" id=\"porto_ucb_1519\">\n\t<div class=\"wpb_single_image wpb_content_element vc_align_center\">\n\t\t<div class=\"wpb_wrapper\">\n\t\t\t\n\t\t\t<div class=\"vc_single_image-wrapper   vc_box_border_grey\"><img loading=\"lazy\" decoding=\"async\" width=\"100\" height=\"100\" src=\"https:\/\/www.birliktransport.com\/wp-content\/uploads\/2021\/03\/I-havayolu-tasimaciligi-6668.png\" class=\"vc_single_image-img attachment-thumbnail\" alt=\"\" \/><\/div>\n\t\t<\/div>\n\t<\/div>\n<h4 style=\"font-size: 1.5em;line-height: 1.3;text-align: center\" class=\"vc_custom_heading mb-3\">A\u0131rways Transporting<\/h4><p style=\"text-align: center\" class=\"vc_custom_heading\">We provide the cheapest airline and door-to-door air transport services to all parts of the world. Let your route be Birliktransport<\/p><p style=\"text-align: center;font-weight:700\" class=\"vc_custom_heading mb-0 heading-primary\"><a href=\"https:\/\/www.birliktransport.com\/en\/havayolu-tasimaciligi\/\" title=\"A\u0131rways Transporting\">Read More<\/a><\/p><\/div><\/div><div class=\"porto-ultimate-content-box-container custom-card\" data-appear-animation=\"fadeIn\"><style>#porto_ucb_5961{will-change: box-shadow;box-shadow: none;}#porto_ucb_5961:hover{box-shadow:0px 0px 20px -5px rgba(0,0,0,0.1)}<\/style><div class=\"porto-ultimate-content-box vc_custom_1591082005567\" style=\"border:1px solid rgba(0,0,0,0.06);\" id=\"porto_ucb_5961\">\n\t<div class=\"wpb_single_image wpb_content_element vc_align_center\">\n\t\t<div class=\"wpb_wrapper\">\n\t\t\t\n\t\t\t<div class=\"vc_single_image-wrapper   vc_box_border_grey\"><img loading=\"lazy\" decoding=\"async\" width=\"100\" height=\"100\" src=\"https:\/\/www.birliktransport.com\/wp-content\/uploads\/2021\/03\/I-demiryolu-tasimaciligi-0475.png\" class=\"vc_single_image-img attachment-thumbnail\" alt=\"\" \/><\/div>\n\t\t<\/div>\n\t<\/div>\n<h4 style=\"font-size: 1.5em;line-height: 1.3;text-align: center\" class=\"vc_custom_heading mb-3\">Railway Transport<\/h4><p style=\"text-align: center\" class=\"vc_custom_heading\"><a href=\"https:\/\/www.portotheme.com\/wordpress\/porto\/construction2\/services\/plumbing\/\" title=\"Plumbing\">In Railway Transportation, as in other transportation areas, we provide services in accordance with national and international legislation and standards.<\/a><\/p><p style=\"text-align: center;font-weight:700\" class=\"vc_custom_heading mb-0 heading-primary\"><a href=\"https:\/\/www.birliktransport.com\/en\/demiryolu-tasimaciligi\/\" title=\"Demiryolu Tas\u0131mac\u0131l\u0131\u011f\u0131\">Read More<\/a><\/p><\/div><\/div><\/div><\/div><\/div><\/div><\/div><\/div><div id=\"services\" class=\"vc_row wpb_row porto-inner-container\"><div class=\"porto-wrap-container container\"><div class=\"row\"><div class=\"vc_column_container col-md-12\"><div class=\"wpb_wrapper vc_column-inner\"><\/div><\/div><\/div><\/div><\/div><div class=\"vc_row wpb_row porto-inner-container\"><div class=\"porto-wrap-container container\"><div class=\"row\"><div class=\"vc_column_container col-md-12\"><div class=\"wpb_wrapper vc_column-inner\"><div class=\"porto-carousel owl-carousel has-ccols ccols-xl-4 ccols-lg-4 ccols-md-3 ccols-sm-2 ccols-1 mt-4 mb-0 text-center dots-style-1\" data-plugin-options=\"{&quot;stagePadding&quot;:0,&quot;margin&quot;:18,&quot;autoplay&quot;:false,&quot;autoplayTimeout&quot;:5000,&quot;autoplayHoverPause&quot;:false,&quot;items&quot;:4,&quot;lg&quot;:4,&quot;md&quot;:3,&quot;sm&quot;:2,&quot;xs&quot;:1,&quot;nav&quot;:false,&quot;dots&quot;:&quot;yes&quot;,&quot;animateIn&quot;:&quot;&quot;,&quot;animateOut&quot;:&quot;&quot;,&quot;loop&quot;:false,&quot;center&quot;:false,&quot;video&quot;:false,&quot;lazyLoad&quot;:false,&quot;fullscreen&quot;:false}\"><div class=\"porto-ultimate-content-box-container custom-card\" data-appear-animation=\"fadeIn\" data-appear-animation-delay=\"200\"><style>#porto_ucb_7832{will-change: box-shadow;box-shadow: none;}#porto_ucb_7832:hover{box-shadow:0px 0px 20px -5px rgba(0,0,0,0.1)}<\/style><div class=\"porto-ultimate-content-box vc_custom_1591082041815\" style=\"border:1px solid rgba(0,0,0,0.06);\" id=\"porto_ucb_7832\">\n\t<div class=\"wpb_single_image wpb_content_element vc_align_center\">\n\t\t<div class=\"wpb_wrapper\">\n\t\t\t\n\t\t\t<div class=\"vc_single_image-wrapper   vc_box_border_grey\"><img loading=\"lazy\" decoding=\"async\" width=\"100\" height=\"100\" src=\"https:\/\/www.birliktransport.com\/wp-content\/uploads\/2021\/03\/I-multimodal-tasimacilik-4671.png\" class=\"vc_single_image-img attachment-thumbnail\" alt=\"\" \/><\/div>\n\t\t<\/div>\n\t<\/div>\n<h6 style=\"font-size: 1.5em;line-height: 1.3;text-align: center\" class=\"vc_custom_heading mb-3\">Multimodal Transport<\/h6><p style=\"text-align: center\" class=\"vc_custom_heading\">With the experience of our expert staff in Multimodal Transport, we guarantee the smooth management of the logistics process with the comprehensive supply chain solution we offer.<\/p><p style=\"text-align: center;font-weight:700\" class=\"vc_custom_heading mb-0 heading-primary\"><a href=\"https:\/\/www.birliktransport.com\/en\/multimodal-tasimacilik\/\" title=\"Multimodal Transport\">Read More<\/a><\/p><\/div><\/div><div class=\"porto-ultimate-content-box-container custom-card\" data-appear-animation=\"fadeIn\" data-appear-animation-delay=\"400\"><style>#porto_ucb_4860{will-change: box-shadow;box-shadow: none;}#porto_ucb_4860:hover{box-shadow:0px 0px 20px -5px rgba(0,0,0,0.1)}<\/style><div class=\"porto-ultimate-content-box vc_custom_1591082049643\" style=\"border:1px solid rgba(0,0,0,0.06);\" id=\"porto_ucb_4860\">\n\t<div class=\"wpb_single_image wpb_content_element vc_align_center\">\n\t\t<div class=\"wpb_wrapper\">\n\t\t\t\n\t\t\t<div class=\"vc_single_image-wrapper   vc_box_border_grey\"><img loading=\"lazy\" decoding=\"async\" width=\"100\" height=\"100\" src=\"https:\/\/www.birliktransport.com\/wp-content\/uploads\/2021\/03\/I-proje-tasimaciligi-3405.png\" class=\"vc_single_image-img attachment-thumbnail\" alt=\"\" \/><\/div>\n\t\t<\/div>\n\t<\/div>\n<h4 style=\"font-size: 1.5em;line-height: 1.3;text-align: center\" class=\"vc_custom_heading mb-3\">Project Transportation<\/h4><p style=\"text-align: center\" class=\"vc_custom_heading\">The experience, operational capability of logistics services, the ability to prepare different scenarios and special solutions that require expertise are at Birlik Kara ve Deniz Uluslararas\u0131 Nakliyat!<\/p><p style=\"text-align: center;font-weight:700\" class=\"vc_custom_heading mb-0 heading-primary\"><a href=\"https:\/\/www.birliktransport.com\/en\/proje-tasimaciligi\/\" title=\"Proje Ta\u015f\u0131mac\u0131l\u0131g\u0131\">Read More<\/a><\/p><\/div><\/div><div class=\"porto-ultimate-content-box-container custom-card\" data-appear-animation=\"fadeIn\" data-appear-animation-delay=\"600\"><style>#porto_ucb_5005{will-change: box-shadow;box-shadow: none;}#porto_ucb_5005:hover{box-shadow:0px 0px 20px -5px rgba(0,0,0,0.1)}<\/style><div class=\"porto-ultimate-content-box vc_custom_1591082060193\" style=\"border:1px solid rgba(0,0,0,0.06);\" id=\"porto_ucb_5005\">\n\t<div class=\"wpb_single_image wpb_content_element vc_align_center\">\n\t\t<div class=\"wpb_wrapper\">\n\t\t\t\n\t\t\t<div class=\"vc_single_image-wrapper   vc_box_border_grey\"><img loading=\"lazy\" decoding=\"async\" width=\"100\" height=\"100\" src=\"https:\/\/www.birliktransport.com\/wp-content\/uploads\/2021\/03\/depolama.png\" class=\"vc_single_image-img attachment-thumbnail\" alt=\"\" \/><\/div>\n\t\t<\/div>\n\t<\/div>\n<h4 style=\"font-size: 1.5em;line-height: 1.3;text-align: center\" class=\"vc_custom_heading mb-3\">Storage Service<\/h4><p style=\"text-align: center\" class=\"vc_custom_heading\">As Birliktransport, we offer Storage Services as well as Road, Airway, Seaway and Railway transportation for our purpose of providing comprehensive service to our customers.<\/p><p style=\"text-align: center;font-weight:700\" class=\"vc_custom_heading mb-0 heading-primary\"><a href=\"https:\/\/www.birliktransport.com\/en\/depolama-hizmetleri\/\" title=\"Storage Services\">Read More<\/a><\/p><\/div><\/div><div class=\"porto-ultimate-content-box-container custom-card\" data-appear-animation=\"fadeIn\"><style>#porto_ucb_5706{will-change: box-shadow;box-shadow: none;}#porto_ucb_5706:hover{box-shadow:0px 0px 20px -5px rgba(0,0,0,0.1)}<\/style><div class=\"porto-ultimate-content-box vc_custom_1591082005567\" style=\"border:1px solid rgba(0,0,0,0.06);\" id=\"porto_ucb_5706\">\n\t<div class=\"wpb_single_image wpb_content_element vc_align_center\">\n\t\t<div class=\"wpb_wrapper\">\n\t\t\t\n\t\t\t<div class=\"vc_single_image-wrapper   vc_box_border_grey\"><img loading=\"lazy\" decoding=\"async\" width=\"100\" height=\"100\" src=\"https:\/\/www.birliktransport.com\/wp-content\/uploads\/2021\/03\/parsiyel.png\" class=\"vc_single_image-img attachment-thumbnail\" alt=\"\" \/><\/div>\n\t\t<\/div>\n\t<\/div>\n<h4 style=\"font-size: 1.5em;line-height: 1.3;text-align: center\" class=\"vc_custom_heading mb-3\">Partial Transportation<\/h4><p style=\"text-align: center\" class=\"vc_custom_heading\"><a href=\"https:\/\/www.portotheme.com\/wordpress\/porto\/construction2\/services\/plumbing\/\" title=\"Plumbing\">In addition to our Project Transportation, we offer our customers the most suitable solutions in the field of Road Transport with our regular Partial * Transportation Services.<\/a><\/p><p style=\"text-align: center;font-weight:700\" class=\"vc_custom_heading mb-0 heading-primary\"><a href=\"https:\/\/www.birliktransport.com\/en\/parsiyel-tasimacilik\/\" title=\"Partial Transportation\">Read More<\/a><\/p><\/div><\/div><\/div><\/div><\/div><\/div><\/div><\/div><div class=\"vc_row wpb_row vc_custom_1615746426730 section section-default mt-0 mb-0 section-no-borders porto-inner-container\"><div class=\"porto-wrap-container container\"><div class=\"row align-items-center\"><div class=\"mb-md-5 mb-xl-4 pb-xl-5 vc_column_container col-md-8 col-xl-6\"><div class=\"wpb_wrapper vc_column-inner\">\n\t<div class=\"wpb_single_image wpb_content_element vc_align_left   max-w-90 mb-0 pc-img\"data-appear-animation=\"zoomIn\" data-appear-animation-delay=\"200\">\n\t\t<div class=\"wpb_wrapper\">\n\t\t\t\n\t\t\t<div class=\"vc_single_image-wrapper   vc_box_border_grey\"><img loading=\"lazy\" decoding=\"async\" width=\"516\" height=\"450\" src=\"https:\/\/www.birliktransport.com\/wp-content\/uploads\/2021\/03\/ds.png\" class=\"vc_single_image-img attachment-full\" alt=\"\" srcset=\"https:\/\/www.birliktransport.com\/wp-content\/uploads\/2021\/03\/ds.png 516w, https:\/\/www.birliktransport.com\/wp-content\/uploads\/2021\/03\/ds-400x349.png 400w, https:\/\/www.birliktransport.com\/wp-content\/uploads\/2021\/03\/ds-367x320.png 367w\" sizes=\"auto, (max-width: 516px) 100vw, 516px\" \/><\/div>\n\t\t<\/div>\n\t<\/div>\n<\/div><\/div><div class=\"pl-md-4 pl-xl-5 py-lg-5 pt-xl-0 vc_column_container col-md-12 col-xl-6\"><div class=\"wpb_wrapper vc_column-inner\"><h2 style=\"font-size: 1.75rem;line-height: 1\" class=\"vc_custom_heading mb-2 align-left\">Where are we?<\/h2><p style=\"font-size: 1.2em\" class=\"vc_custom_heading pt-2 mb-4 align-left\">As Birlik Transport, we provide logistics services to many countries including IRAQ, IRAN, MIDDLE EAST, CIS COUNTRIES, ROMANIA, HUNGARY, BULGARIA, ITALY, GERMANY, FRANCE.<\/p><p style=\"font-weight:700\" class=\"vc_custom_heading mb-3 align-left heading-primary\"><a href=\"https:\/\/www.birliktransport.com\/en\/hakkimizda\/\" title=\"About Us\">Read More<\/a><\/p><\/div><\/div><\/div><\/div><\/div>","protected":false},"excerpt":{"rendered":"Lojistik Ve Ta\u015f\u0131mac\u0131l\u0131k \u00c7\u00f6z\u00fcmlerimiz ile Fark\u0131 Ke\u015ffedin!Uluslararas\u0131 lojistikte k\u00fc\u00e7\u00fck kolilerden proje ta\u015f\u0131mac\u0131l\u0131\u011f\u0131na, depolamadan tedarik zinciri y\u00f6netimine, parsiyel ta\u015f\u0131mac\u0131l\u0131ktan komple ta\u015f\u0131mac\u0131l\u0131\u011fa, m\u00fc\u015fterilerimize \u00f6zel ve m\u00fckemmel hizmet sunmak i\u00e7in \u00e7al\u0131\u015f\u0131yoruz. De\u011fi\u015fen d\u00fcnyada geli\u015ftirdi\u011fimiz lojistik \u00e7\u00f6z\u00fcmlerimizle ticaretin de gelece\u011fine y\u00f6n vermeyi hedefliyoruz. Varolu\u015f nedenimiz: T\u00fcrkiye ve d\u00fcnyada Lojistik Sekt\u00f6r\u00fc\u2019n\u00fcn \u00f6nde gelen oyuncular\u0131ndan biri olmak. Amac\u0131m\u0131z m\u00fc\u015fterilerimizin ba\u015far\u0131lar\u0131n\u0131 desteklemek, [...]","protected":false},"author":1,"featured_media":0,"parent":0,"menu_order":0,"comment_status":"closed","ping_status":"closed","template":"","meta":{"footnotes":""},"class_list":["post-2","page","type-page","status-publish","hentry"],"_links":{"self":[{"href":"https:\/\/www.birliktransport.com\/en\/wp-json\/wp\/v2\/pages\/2","targetHints":{"allow":["GET"]}}],"collection":[{"href":"https:\/\/www.birliktransport.com\/en\/wp-json\/wp\/v2\/pages"}],"about":[{"href":"https:\/\/www.birliktransport.com\/en\/wp-json\/wp\/v2\/types\/page"}],"author":[{"embeddable":true,"href":"https:\/\/www.birliktransport.com\/en\/wp-json\/wp\/v2\/users\/1"}],"replies":[{"embeddable":true,"href":"https:\/\/www.birliktransport.com\/en\/wp-json\/wp\/v2\/comments?post=2"}],"version-history":[{"count":25,"href":"https:\/\/www.birliktransport.com\/en\/wp-json\/wp\/v2\/pages\/2\/revisions"}],"predecessor-version":[{"id":630,"href":"https:\/\/www.birliktransport.com\/en\/wp-json\/wp\/v2\/pages\/2\/revisions\/630"}],"wp:attachment":[{"href":"https:\/\/www.birliktransport.com\/en\/wp-json\/wp\/v2\/media?parent=2"}],"curies":[{"name":"wp","href":"https:\/\/api.w.org\/{rel}","templated":true}]}}